{"id":346,"date":"2023-01-23T14:37:33","date_gmt":"2023-01-23T14:37:33","guid":{"rendered":"https:\/\/www.kemerist.com\/?page_id=346"},"modified":"2023-07-23T09:55:46","modified_gmt":"2023-07-23T09:55:46","slug":"u-s-polo-assn","status":"publish","type":"page","link":"https:\/\/kemerist.com\/en\/u-s-polo-assn\/","title":{"rendered":"U.S.POLO ASSN"},"content":{"rendered":"<section class=\"section\" id=\"section_1232146130\">\n\t\t<div class=\"section-bg fill\" >\n\t\t\t\t\t\t\t\t\t\n\t\t\t\n\n\t\t<\/div>\n\n\t\t\n\n\t\t<div class=\"section-content relative\">\n\t\t\t\n\n<div class=\"row row-full-width\"  id=\"row-1607133441\">\n\n\n\t<div id=\"col-899109999\" class=\"col small-12 large-12\"  >\n\t\t\t\t<div class=\"col-inner\"  >\n\t\t\t\n\t\t\t\n\n\n  <div class=\"banner has-hover\" id=\"banner-1503348878\">\n          <div class=\"banner-inner fill\">\n        <div class=\"banner-bg fill\" >\n            <img loading=\"lazy\" decoding=\"async\" width=\"1020\" height=\"680\" src=\"https:\/\/kemerist.com\/wp-content\/uploads\/2023\/02\/deri-kemer-kemerist-kemer-imalati.png\" class=\"bg attachment-large size-large\" alt=\"deri-kemer-kemerist-kemer-imalat\u0131\" \/>                        <div class=\"overlay\"><\/div>            \n                    <\/div>\n\t\t\n        <div class=\"banner-layers container\">\n            <div class=\"fill banner-link\"><\/div>            \n\n   <div id=\"text-box-1555944152\" class=\"text-box banner-layer x50 md-x50 lg-x50 y50 md-y50 lg-y50 res-text\">\n                                <div class=\"text-box-content text dark\">\n              \n              <div class=\"text-inner text-center\">\n                  \n\n\t<div class=\"img has-hover x md-x lg-x y md-y lg-y\" id=\"image_1083275378\">\n\t\t\t\t\t\t\t\t<div class=\"img-inner dark\" >\n\t\t\t<img loading=\"lazy\" decoding=\"async\" width=\"1020\" height=\"340\" src=\"https:\/\/kemerist.com\/wp-content\/uploads\/2023\/07\/U.S.-Polo-Assn-Logo.png\" class=\"attachment-large size-large\" alt=\"\" srcset=\"https:\/\/kemerist.com\/wp-content\/uploads\/2023\/07\/U.S.-Polo-Assn-Logo.png 1280w, https:\/\/kemerist.com\/wp-content\/uploads\/2023\/07\/U.S.-Polo-Assn-Logo-800x267.png 800w, https:\/\/kemerist.com\/wp-content\/uploads\/2023\/07\/U.S.-Polo-Assn-Logo-768x256.png 768w, https:\/\/kemerist.com\/wp-content\/uploads\/2023\/07\/U.S.-Polo-Assn-Logo-18x6.png 18w, https:\/\/kemerist.com\/wp-content\/uploads\/2023\/07\/U.S.-Polo-Assn-Logo-600x200.png 600w\" sizes=\"auto, (max-width: 1020px) 100vw, 1020px\" \/>\t\t\t\t\t\t\n\t\t\t\t\t<\/div>\n\t\t\t\t\t\t\t\t\n<style>\n#image_1083275378 {\n  width: 100%;\n}\n<\/style>\n\t<\/div>\n\t\n\n\n              <\/div>\n           <\/div>\n                            \n<style>\n#text-box-1555944152 {\n  width: 60%;\n}\n#text-box-1555944152 .text-box-content {\n  font-size: 100%;\n}\n<\/style>\n    <\/div>\n \n\n        <\/div>\n      <\/div>\n\n            \n<style>\n#banner-1503348878 {\n  padding-top: 350px;\n}\n#banner-1503348878 .overlay {\n  background-color: rgba(0, 0, 0, 0.233);\n}\n#banner-1503348878 .banner-bg img {\n  object-position: 50% 50%;\n}\n@media (min-width:550px) {\n  #banner-1503348878 {\n    padding-top: 400px;\n  }\n}\n@media (min-width:850px) {\n  #banner-1503348878 {\n    padding-top: 500px;\n  }\n}\n<\/style>\n  <\/div>\n\n\n\n\t\t<\/div>\n\t\t\t\t\n<style>\n#col-899109999 > .col-inner {\n  padding: 10px 10px 0px 10px;\n}\n@media (min-width:550px) {\n  #col-899109999 > .col-inner {\n    padding: 30px 30px 0px 30px;\n  }\n}\n<\/style>\n\t<\/div>\n\n\t\n\n<\/div>\n<div class=\"row row-collapse\"  id=\"row-1130488424\">\n\n\n\t<div id=\"col-1939228267\" class=\"col medium-6 small-6 large-6\"  >\n\t\t\t\t<div class=\"col-inner\"  >\n\t\t\t\n\t\t\t\n\n\t<div id=\"gap-121830635\" class=\"gap-element clearfix\" style=\"display:block; height:auto;\">\n\t\t\n<style>\n#gap-121830635 {\n  padding-top: 50px;\n}\n@media (min-width:550px) {\n  #gap-121830635 {\n    padding-top: 20px;\n  }\n}\n@media (min-width:850px) {\n  #gap-121830635 {\n    padding-top: 70px;\n  }\n}\n<\/style>\n\t<\/div>\n\t\n\n\n\t\t<\/div>\n\t\t\t\t\t<\/div>\n\n\t\n\n\t<div id=\"col-339029061\" class=\"col medium-6 small-6 large-6\"  >\n\t\t\t\t<div class=\"col-inner\"  >\n\t\t\t\n\t<div class=\"is-border\"\n\t\tstyle=\"border-color:rgb(39, 54, 71);border-width:0px 0px 0px 3px;\">\n\t<\/div>\n\t\t\t\n\n\t<div id=\"gap-1591810279\" class=\"gap-element clearfix\" style=\"display:block; height:auto;\">\n\t\t\n<style>\n#gap-1591810279 {\n  padding-top: 50px;\n}\n@media (min-width:850px) {\n  #gap-1591810279 {\n    padding-top: 150px;\n  }\n}\n<\/style>\n\t<\/div>\n\t\n\n\n\t\t<\/div>\n\t\t\t\t\n<style>\n#col-339029061 > .col-inner {\n  margin: -85px 0px 0px 0px;\n}\n<\/style>\n\t<\/div>\n\n\t\n\n<\/div>\n<div class=\"row align-middle align-center\" style=\"max-width:700px\" id=\"row-1940711372\">\n\n\n\t<div id=\"col-1432438381\" class=\"col small-12 large-12\"  >\n\t\t\t\t<div class=\"col-inner text-center\"  >\n\t\t\t\n\t\t\t\n\n\t<div id=\"gap-1849955389\" class=\"gap-element clearfix\" style=\"display:block; height:auto;\">\n\t\t\n<style>\n#gap-1849955389 {\n  padding-top: 20px;\n}\n@media (min-width:850px) {\n  #gap-1849955389 {\n    padding-top: 30px;\n  }\n}\n<\/style>\n\t<\/div>\n\t\n\n\t<div id=\"text-4031913131\" class=\"text\">\n\t\t\n\n<h3><strong>U.S. POLO ASSN. We are the only belt manufacturer of the brand in the world.<\/strong><\/h3>\n\t\t\n<style>\n#text-4031913131 {\n  font-size: 0.75rem;\n}\n<\/style>\n\t<\/div>\n\t\n\n\t\t<\/div>\n\t\t\t\t\t<\/div>\n\n\t\n\n<\/div>\n\t<div id=\"gap-1475319936\" class=\"gap-element clearfix\" style=\"display:block; height:auto;\">\n\t\t\n<style>\n#gap-1475319936 {\n  padding-top: 50px;\n}\n@media (min-width:850px) {\n  #gap-1475319936 {\n    padding-top: 70px;\n  }\n}\n<\/style>\n\t<\/div>\n\t\n\n\n\t\t<\/div>\n\n\t\t\n<style>\n#section_1232146130 {\n  padding-top: 10px;\n  padding-bottom: 10px;\n  background-color: rgb(212, 225, 231);\n}\n<\/style>\n\t<\/section>\n\t\n\n\t<section class=\"section\" id=\"section_188923729\">\n\t\t<div class=\"section-bg fill\" >\n\t\t\t\t\t\t\t\t\t\n\t\t\t\n\n\t\t<\/div>\n\n\t\t\n\n\t\t<div class=\"section-content relative\">\n\t\t\t\n\n<div class=\"row row-collapse\"  id=\"row-432226992\">\n\n\n\t<div id=\"col-1471569316\" class=\"col medium-6 small-6 large-6\"  >\n\t\t\t\t<div class=\"col-inner\"  >\n\t\t\t\n\t\t\t\n\n\t<div id=\"gap-1925082122\" class=\"gap-element clearfix\" style=\"display:block; height:auto;\">\n\t\t\n<style>\n#gap-1925082122 {\n  padding-top: 34px;\n}\n<\/style>\n\t<\/div>\n\t\n\n\n\t\t<\/div>\n\t\t\t\t\t<\/div>\n\n\t\n\n\t<div id=\"col-1955153755\" class=\"col medium-6 small-6 large-6\"  >\n\t\t\t\t<div class=\"col-inner\"  >\n\t\t\t\n\t<div class=\"is-border\"\n\t\tstyle=\"border-color:rgb(39, 54, 71);border-width:0px 0px 0px 03px;\">\n\t<\/div>\n\t\t\t\n\n\t<div id=\"gap-841388413\" class=\"gap-element clearfix\" style=\"display:block; height:auto;\">\n\t\t\n<style>\n#gap-841388413 {\n  padding-top: 150px;\n}\n<\/style>\n\t<\/div>\n\t\n\n\n\t\t<\/div>\n\t\t\t\t\n<style>\n#col-1955153755 > .col-inner {\n  margin: -100px 0px 0px 0px;\n}\n<\/style>\n\t<\/div>\n\n\t\n\n<\/div>\n<div class=\"row row-small\" style=\"max-width:1300px\" id=\"row-479867539\">\n\n\n\t<div id=\"col-1977303224\" class=\"col medium-4 small-12 large-4\"  >\n\t\t\t\t<div class=\"col-inner\"  >\n\t\t\t\n\t\t\t\n\n\n  <div class=\"banner has-hover bg-glow\" id=\"banner-310393249\">\n          <div class=\"banner-inner fill\">\n        <div class=\"banner-bg fill\" >\n            <img loading=\"lazy\" decoding=\"async\" width=\"800\" height=\"800\" src=\"https:\/\/kemerist.com\/wp-content\/uploads\/2023\/07\/polo-assn-kadin-deri-kemer-800x800.jpg\" class=\"bg attachment-large size-large\" alt=\"\" \/>                                    \n                    <\/div>\n\t\t\n        <div class=\"banner-layers container\">\n            <a class=\"fill\" href=\"#\"><div class=\"fill banner-link\"><\/div><\/a>            \n\n\n        <\/div>\n      <\/div>\n\n            \n<style>\n#banner-310393249 {\n  padding-top: 99.99%;\n  background-color: rgb(255, 255, 255);\n}\n#banner-310393249 .banner-bg img {\n  object-position: 44% 47%;\n}\n<\/style>\n  <\/div>\n\n\n\n\t\t<\/div>\n\t\t\t\t\t<\/div>\n\n\t\n\n\t<div id=\"col-1221121617\" class=\"col medium-4 small-12 large-4\"  >\n\t\t\t\t<div class=\"col-inner\"  >\n\t\t\t\n\t\t\t\n\n\n  <div class=\"banner has-hover bg-glow\" id=\"banner-911622703\">\n          <div class=\"banner-inner fill\">\n        <div class=\"banner-bg fill\" >\n            <img loading=\"lazy\" decoding=\"async\" width=\"800\" height=\"800\" src=\"https:\/\/kemerist.com\/wp-content\/uploads\/2023\/07\/polo-assn-kadin-deri-kemer-imalat-800x800.jpg\" class=\"bg attachment-large size-large\" alt=\"polo-assn-kadin-deri-kemer-imalat\" \/>                                    \n                    <\/div>\n\t\t\n        <div class=\"banner-layers container\">\n            <a class=\"fill\" href=\"#\"><div class=\"fill banner-link\"><\/div><\/a>            \n\n\n        <\/div>\n      <\/div>\n\n            \n<style>\n#banner-911622703 {\n  padding-top: 99.99%;\n  background-color: rgb(255, 255, 255);\n}\n#banner-911622703 .banner-bg img {\n  object-position: 43% 44%;\n}\n<\/style>\n  <\/div>\n\n\n\n\t\t<\/div>\n\t\t\t\t\t<\/div>\n\n\t\n\n\t<div id=\"col-342420961\" class=\"col medium-4 small-12 large-4\"  >\n\t\t\t\t<div class=\"col-inner\"  >\n\t\t\t\n\t\t\t\n\n\n  <div class=\"banner has-hover bg-glow\" id=\"banner-1497064397\">\n          <div class=\"banner-inner fill\">\n        <div class=\"banner-bg fill\" >\n            <img loading=\"lazy\" decoding=\"async\" width=\"800\" height=\"800\" src=\"https:\/\/kemerist.com\/wp-content\/uploads\/2023\/07\/deri-kemer-imalati-1-800x800.jpg\" class=\"bg attachment-large size-large\" alt=\"\" \/>                                    \n                    <\/div>\n\t\t\n        <div class=\"banner-layers container\">\n            <a class=\"fill\" href=\"#\"><div class=\"fill banner-link\"><\/div><\/a>            \n\n\n        <\/div>\n      <\/div>\n\n            \n<style>\n#banner-1497064397 {\n  padding-top: 99.99%;\n  background-color: rgb(255, 255, 255);\n}\n#banner-1497064397 .banner-bg img {\n  object-position: 45% 45%;\n}\n<\/style>\n  <\/div>\n\n\n\n\t\t<\/div>\n\t\t\t\t\t<\/div>\n\n\t\n\n<\/div>\n\n\t\t<\/div>\n\n\t\t\n<style>\n#section_188923729 {\n  padding-top: 30px;\n  padding-bottom: 30px;\n}\n<\/style>\n\t<\/section>\n\t\n\n\t<section class=\"section\" id=\"section_1495339627\">\n\t\t<div class=\"section-bg fill\" >\n\t\t\t\t\t\t\t\t\t\n\t\t\t\n\n\t\t<\/div>\n\n\t\t\n\n\t\t<div class=\"section-content relative\">\n\t\t\t\n\n<div class=\"row row-small\" style=\"max-width:1300px\" id=\"row-1640327990\">\n\n\n\t<div id=\"col-896610931\" class=\"col medium-4 small-12 large-4\"  >\n\t\t\t\t<div class=\"col-inner\"  >\n\t\t\t\n\t\t\t\n\n\n  <div class=\"banner has-hover bg-glow\" id=\"banner-139244746\">\n          <div class=\"banner-inner fill\">\n        <div class=\"banner-bg fill\" >\n            <img loading=\"lazy\" decoding=\"async\" width=\"800\" height=\"800\" src=\"https:\/\/kemerist.com\/wp-content\/uploads\/2023\/05\/us-polo-assn-kemer-800x800.png\" class=\"bg attachment-large size-large\" alt=\"us-polo-assn-kemer\" \/>                                    \n                    <\/div>\n\t\t\n        <div class=\"banner-layers container\">\n            <a class=\"fill\" href=\"#\"><div class=\"fill banner-link\"><\/div><\/a>            \n\n\n        <\/div>\n      <\/div>\n\n            \n<style>\n#banner-139244746 {\n  padding-top: 99.99%;\n  background-color: rgb(255, 255, 255);\n}\n#banner-139244746 .banner-bg img {\n  object-position: 44% 47%;\n}\n<\/style>\n  <\/div>\n\n\n\n\t\t<\/div>\n\t\t\t\t\t<\/div>\n\n\t\n\n\t<div id=\"col-699138927\" class=\"col medium-4 small-12 large-4\"  >\n\t\t\t\t<div class=\"col-inner\"  >\n\t\t\t\n\t\t\t\n\n\n  <div class=\"banner has-hover bg-glow\" id=\"banner-1192919480\">\n          <div class=\"banner-inner fill\">\n        <div class=\"banner-bg fill\" >\n            <img loading=\"lazy\" decoding=\"async\" width=\"800\" height=\"800\" src=\"https:\/\/kemerist.com\/wp-content\/uploads\/2023\/03\/deri-kemer-uretici-kemerist-800x800.png\" class=\"bg attachment-large size-large\" alt=\"\" \/>                                    \n                    <\/div>\n\t\t\n        <div class=\"banner-layers container\">\n            <a class=\"fill\" href=\"#\"><div class=\"fill banner-link\"><\/div><\/a>            \n\n\n        <\/div>\n      <\/div>\n\n            \n<style>\n#banner-1192919480 {\n  padding-top: 99.99%;\n  background-color: rgb(255, 255, 255);\n}\n#banner-1192919480 .banner-bg img {\n  object-position: 43% 44%;\n}\n<\/style>\n  <\/div>\n\n\n\n\t\t<\/div>\n\t\t\t\t\t<\/div>\n\n\t\n\n\t<div id=\"col-1165142188\" class=\"col medium-4 small-12 large-4\"  >\n\t\t\t\t<div class=\"col-inner\"  >\n\t\t\t\n\t\t\t\n\n\n  <div class=\"banner has-hover bg-glow\" id=\"banner-675892994\">\n          <div class=\"banner-inner fill\">\n        <div class=\"banner-bg fill\" >\n            <img loading=\"lazy\" decoding=\"async\" width=\"800\" height=\"800\" src=\"https:\/\/kemerist.com\/wp-content\/uploads\/2023\/03\/polo-assn-kemer-ureticisi-800x800.png\" class=\"bg attachment-large size-large\" alt=\"\" \/>                                    \n                    <\/div>\n\t\t\n        <div class=\"banner-layers container\">\n            <a class=\"fill\" href=\"#\"><div class=\"fill banner-link\"><\/div><\/a>            \n\n\n        <\/div>\n      <\/div>\n\n            \n<style>\n#banner-675892994 {\n  padding-top: 99.99%;\n  background-color: rgb(255, 255, 255);\n}\n#banner-675892994 .banner-bg img {\n  object-position: 45% 45%;\n}\n<\/style>\n  <\/div>\n\n\n\n\t\t<\/div>\n\t\t\t\t\t<\/div>\n\n\t\n\n<\/div>\n\n\t\t<\/div>\n\n\t\t\n<style>\n#section_1495339627 {\n  padding-top: 30px;\n  padding-bottom: 30px;\n}\n<\/style>\n\t<\/section>\n\t\n\n\t<section class=\"section dark\" id=\"section_288986886\">\n\t\t<div class=\"section-bg fill\" >\n\t\t\t\t\t\t\t\t\t\n\t\t\t\n\n\t\t<\/div>\n\n\t\t\n\n\t\t<div class=\"section-content relative\">\n\t\t\t\n\n\t<div id=\"gap-905987770\" class=\"gap-element clearfix\" style=\"display:block; height:auto;\">\n\t\t\n<style>\n#gap-905987770 {\n  padding-top: 30px;\n}\n<\/style>\n\t<\/div>\n\t\n\n<div class=\"row\"  id=\"row-676080490\">\n\n\n\t<div id=\"col-1853450507\" class=\"col medium-12 small-12 large-4\"  >\n\t\t\t\t<div class=\"col-inner\"  >\n\t\t\t\n\t\t\t\n\n\t<div class=\"img has-hover x md-x lg-x y md-y lg-y\" id=\"image_1864036191\">\n\t\t\t\t\t\t\t\t<div class=\"img-inner dark\" >\n\t\t\t<img loading=\"lazy\" decoding=\"async\" width=\"1020\" height=\"181\" src=\"https:\/\/kemerist.com\/wp-content\/uploads\/2023\/01\/kemerist-logo.png\" class=\"attachment-large size-large\" alt=\"\" srcset=\"https:\/\/kemerist.com\/wp-content\/uploads\/2023\/01\/kemerist-logo.png 1328w, https:\/\/kemerist.com\/wp-content\/uploads\/2023\/01\/kemerist-logo-600x107.png 600w, https:\/\/kemerist.com\/wp-content\/uploads\/2023\/01\/kemerist-logo-800x142.png 800w, https:\/\/kemerist.com\/wp-content\/uploads\/2023\/01\/kemerist-logo-768x136.png 768w\" sizes=\"auto, (max-width: 1020px) 100vw, 1020px\" \/>\t\t\t\t\t\t\n\t\t\t\t\t<\/div>\n\t\t\t\t\t\t\t\t\n<style>\n#image_1864036191 {\n  width: 60%;\n}\n@media (min-width:550px) {\n  #image_1864036191 {\n    width: 30%;\n  }\n}\n@media (min-width:850px) {\n  #image_1864036191 {\n    width: 60%;\n  }\n}\n<\/style>\n\t<\/div>\n\t\n\n\t<div id=\"gap-127230085\" class=\"gap-element clearfix\" style=\"display:block; height:auto;\">\n\t\t\n<style>\n#gap-127230085 {\n  padding-top: 10px;\n}\n<\/style>\n\t<\/div>\n\t\n\n<p>4 nolu sokak No:6, 14900<br \/>Demirciler Organize Sanayi B\u00f6lgesi<br \/>Gerede\/Bolu<\/p>\n<a class=\"button white is-link is-small\" >\n\t<i class=\"icon-phone\" aria-hidden=\"true\"><\/i>\t<span>0374 311 22 24<\/span>\n\t<\/a>\n\n\n<a class=\"button white is-link is-small lowercase\" >\n\t<i class=\"icon-envelop\" aria-hidden=\"true\"><\/i>\t<span>info@kemerist.com<\/span>\n\t<\/a>\n\n\n\n\t\t<\/div>\n\t\t\t\t\t<\/div>\n\n\t\n\n\t<div id=\"col-1350633558\" class=\"col medium-12 small-12 large-8\"  >\n\t\t\t\t<div class=\"col-inner\"  >\n\t\t\t\n\t\t\t\n\n<div class=\"row row-small\"  id=\"row-1414219636\">\n\n\n\t<div id=\"col-1839042618\" class=\"col medium-4 small-12 large-4\"  >\n\t\t\t\t<div class=\"col-inner\"  >\n\t\t\t\n\t\t\t\n\n<ul>\n<li class=\"bullet-arrow\"><a href=\"https:\/\/kemerist.com\/en\/\"><span style=\"font-size: 12.96px;\">Home<\/span><\/a><\/li>\n<li class=\"bullet-arrow\"><a href=\"https:\/\/kemerist.com\/en\/biz-kimiz\/\"><span style=\"font-size: 12.96px;\">About Us<\/span><\/a><\/li>\n<li class=\"bullet-arrow\"><span style=\"font-size: 12.96px;\"><a href=\"https:\/\/kemerist.com\/en\/shop\/\">Our Products<\/a><\/span><\/li>\n<li class=\"bullet-arrow\"><a href=\"https:\/\/kemerist.com\/en\/iletisim\/\"><span style=\"font-size: 12.96px;\">Contact<\/span><\/a><\/li>\n<\/ul>\n\n\t\t<\/div>\n\t\t\t\t\t<\/div>\n\n\t\n\n\t<div id=\"col-1378746021\" class=\"col medium-4 small-12 large-4\"  >\n\t\t\t\t<div class=\"col-inner\"  >\n\t\t\t\n\t\t\t\n\n<ul>\n<li class=\"bullet-arrow\"><a href=\"https:\/\/kemerist.com\/en\/erkek-kemer\/\"><span style=\"font-size: 12.96px;\">Men's Belt<\/span><\/a><\/li>\n<li class=\"bullet-arrow\"><a href=\"https:\/\/kemerist.com\/en\/kadin-kemer\/\"><span style=\"font-size: 12.96px;\">Women's Belt<\/span><\/a><\/li>\n<li class=\"bullet-arrow\"><a href=\"https:\/\/kemerist.com\/en\/deri-aksesuar\/\"><span style=\"font-size: 12.96px;\">Leather Accessory<\/span><\/a><\/li>\n<\/ul>\n\n\t\t<\/div>\n\t\t\t\t\t<\/div>\n\n\t\n\n\t<div id=\"col-823296179\" class=\"col medium-4 small-12 large-4\"  >\n\t\t\t\t<div class=\"col-inner\"  >\n\t\t\t\n\t\t\t\n\n\t<div id=\"text-3258457417\" class=\"text\">\n\t\t\n\n<h4>Social Media<\/h4>\n\t\t\n<style>\n#text-3258457417 {\n  text-align: center;\n}\n<\/style>\n\t<\/div>\n\t\n<div class=\"social-icons follow-icons full-width text-center\" ><a href=\"https:\/\/www.instagram.com\/kemeristofficial\" target=\"_blank\" data-label=\"Instagram\" class=\"icon plain tooltip instagram\" title=\"Follow on Instagram\" aria-label=\"Follow on Instagram\" rel=\"noopener nofollow\"><i class=\"icon-instagram\" aria-hidden=\"true\"><\/i><\/a><a href=\"https:\/\/www.linkedin.com\/company\/kemerist\" data-label=\"LinkedIn\" target=\"_blank\" class=\"icon plain tooltip linkedin\" title=\"Follow on LinkedIn\" aria-label=\"Follow on LinkedIn\" rel=\"noopener nofollow\"><i class=\"icon-linkedin\" aria-hidden=\"true\"><\/i><\/a><a href=\"https:\/\/www.youtube.com\/@kemerist4573\" data-label=\"YouTube\" target=\"_blank\" class=\"icon plain tooltip youtube\" title=\"Follow on YouTube\" aria-label=\"Follow on YouTube\" rel=\"noopener nofollow\"><i class=\"icon-youtube\" aria-hidden=\"true\"><\/i><\/a><\/div>\n\n\n\t\t<\/div>\n\t\t\t\t\t<\/div>\n\n\t\n\n<\/div>\n\n\t\t<\/div>\n\t\t\t\t\t<\/div>\n\n\t\n\n<\/div>\n\n\t\t<\/div>\n\n\t\t\n<style>\n#section_288986886 {\n  padding-top: 30px;\n  padding-bottom: 30px;\n  background-color: #273647;\n}\n@media (min-width:550px) {\n  #section_288986886 {\n    padding-top: 60px;\n    padding-bottom: 60px;\n  }\n}\n<\/style>\n\t<\/section>","protected":false},"excerpt":{"rendered":"","protected":false},"author":1,"featured_media":466,"parent":0,"menu_order":0,"comment_status":"closed","ping_status":"closed","template":"page-blank.php","meta":{"footnotes":""},"class_list":["post-346","page","type-page","status-publish","has-post-thumbnail","hentry"],"yoast_head":"<!-- This site is optimized with the Yoast SEO plugin v27.4 - https:\/\/yoast.com\/product\/yoast-seo-wordpress\/ -->\n<title>U.S.POLO ASSN - Kemerist<\/title>\n<meta name=\"description\" content=\"Kemerist, U.S. POLO ASSN. Markas\u0131n\u0131n d\u00fcnyadaki tek kemer \u00fcreticisidir. Di\u011fer deri aksesuar \u00e7e\u015fitlerinde de \u00fcretim yapmaktay\u0131z.\" \/>\n<meta name=\"robots\" content=\"index, follow, max-snippet:-1, max-image-preview:large, max-video-preview:-1\" \/>\n<link rel=\"canonical\" href=\"https:\/\/kemerist.com\/en\/u-s-polo-assn\/\" \/>\n<meta property=\"og:locale\" content=\"en_US\" \/>\n<meta property=\"og:type\" content=\"article\" \/>\n<meta property=\"og:title\" content=\"U.S.POLO ASSN - Kemerist\" \/>\n<meta property=\"og:description\" content=\"Kemerist, U.S. POLO ASSN. Markas\u0131n\u0131n d\u00fcnyadaki tek kemer \u00fcreticisidir. Di\u011fer deri aksesuar \u00e7e\u015fitlerinde de \u00fcretim yapmaktay\u0131z.\" \/>\n<meta property=\"og:url\" content=\"https:\/\/kemerist.com\/en\/u-s-polo-assn\/\" \/>\n<meta property=\"og:site_name\" content=\"Kemerist\" \/>\n<meta property=\"article:modified_time\" content=\"2023-07-23T09:55:46+00:00\" \/>\n<meta property=\"og:image\" content=\"https:\/\/kemerist.com\/wp-content\/uploads\/2023\/02\/deri-kemer-kemerist-kemer-imalati.png\" \/>\n\t<meta property=\"og:image:width\" content=\"1200\" \/>\n\t<meta property=\"og:image:height\" content=\"800\" \/>\n\t<meta property=\"og:image:type\" content=\"image\/png\" \/>\n<meta name=\"twitter:card\" content=\"summary_large_image\" \/>\n<meta name=\"twitter:label1\" content=\"Est. reading time\" \/>\n\t<meta name=\"twitter:data1\" content=\"2 minutes\" \/>\n<!-- \/ Yoast SEO plugin. -->","yoast_head_json":{"title":"U.S.POLO ASSN - Kemerist","description":"Kemerist, U.S. POLO ASSN. Markas\u0131n\u0131n d\u00fcnyadaki tek kemer \u00fcreticisidir. Di\u011fer deri aksesuar \u00e7e\u015fitlerinde de \u00fcretim yapmaktay\u0131z.","robots":{"index":"index","follow":"follow","max-snippet":"max-snippet:-1","max-image-preview":"max-image-preview:large","max-video-preview":"max-video-preview:-1"},"canonical":"https:\/\/kemerist.com\/en\/u-s-polo-assn\/","og_locale":"en_US","og_type":"article","og_title":"U.S.POLO ASSN - Kemerist","og_description":"Kemerist, U.S. POLO ASSN. Markas\u0131n\u0131n d\u00fcnyadaki tek kemer \u00fcreticisidir. Di\u011fer deri aksesuar \u00e7e\u015fitlerinde de \u00fcretim yapmaktay\u0131z.","og_url":"https:\/\/kemerist.com\/en\/u-s-polo-assn\/","og_site_name":"Kemerist","article_modified_time":"2023-07-23T09:55:46+00:00","og_image":[{"width":1200,"height":800,"url":"https:\/\/kemerist.com\/wp-content\/uploads\/2023\/02\/deri-kemer-kemerist-kemer-imalati.png","type":"image\/png"}],"twitter_card":"summary_large_image","twitter_misc":{"Est. reading time":"2 minutes"},"schema":{"@context":"https:\/\/schema.org","@graph":[{"@type":"WebPage","@id":"https:\/\/kemerist.com\/en\/u-s-polo-assn\/","url":"https:\/\/kemerist.com\/en\/u-s-polo-assn\/","name":"U.S.POLO ASSN - Kemerist","isPartOf":{"@id":"https:\/\/kemerist.com\/en\/#website"},"primaryImageOfPage":{"@id":"https:\/\/kemerist.com\/en\/u-s-polo-assn\/#primaryimage"},"image":{"@id":"https:\/\/kemerist.com\/en\/u-s-polo-assn\/#primaryimage"},"thumbnailUrl":"https:\/\/kemerist.com\/wp-content\/uploads\/2023\/02\/deri-kemer-kemerist-kemer-imalati.png","datePublished":"2023-01-23T14:37:33+00:00","dateModified":"2023-07-23T09:55:46+00:00","description":"Kemerist, U.S. POLO ASSN. Markas\u0131n\u0131n d\u00fcnyadaki tek kemer \u00fcreticisidir. Di\u011fer deri aksesuar \u00e7e\u015fitlerinde de \u00fcretim yapmaktay\u0131z.","breadcrumb":{"@id":"https:\/\/kemerist.com\/en\/u-s-polo-assn\/#breadcrumb"},"inLanguage":"en-US","potentialAction":[{"@type":"ReadAction","target":["https:\/\/kemerist.com\/en\/u-s-polo-assn\/"]}]},{"@type":"ImageObject","inLanguage":"en-US","@id":"https:\/\/kemerist.com\/en\/u-s-polo-assn\/#primaryimage","url":"https:\/\/kemerist.com\/wp-content\/uploads\/2023\/02\/deri-kemer-kemerist-kemer-imalati.png","contentUrl":"https:\/\/kemerist.com\/wp-content\/uploads\/2023\/02\/deri-kemer-kemerist-kemer-imalati.png","width":1200,"height":800,"caption":"deri-kemer-kemerist-kemer-imalat\u0131"},{"@type":"BreadcrumbList","@id":"https:\/\/kemerist.com\/en\/u-s-polo-assn\/#breadcrumb","itemListElement":[{"@type":"ListItem","position":1,"name":"Anasayfa","item":"https:\/\/kemerist.com\/"},{"@type":"ListItem","position":2,"name":"U.S.POLO ASSN"}]},{"@type":"WebSite","@id":"https:\/\/kemerist.com\/en\/#website","url":"https:\/\/kemerist.com\/en\/","name":"Kemerist","description":"Kemerist","publisher":{"@id":"https:\/\/kemerist.com\/en\/#organization"},"potentialAction":[{"@type":"SearchAction","target":{"@type":"EntryPoint","urlTemplate":"https:\/\/kemerist.com\/en\/?s={search_term_string}"},"query-input":{"@type":"PropertyValueSpecification","valueRequired":true,"valueName":"search_term_string"}}],"inLanguage":"en-US"},{"@type":"Organization","@id":"https:\/\/kemerist.com\/en\/#organization","name":"Kemerist","alternateName":"Aycan Demir Deri \u00dcr\u00fcnleri","url":"https:\/\/kemerist.com\/en\/","logo":{"@type":"ImageObject","inLanguage":"en-US","@id":"https:\/\/kemerist.com\/en\/#\/schema\/logo\/image\/","url":"https:\/\/www.kemerist.com\/wp-content\/uploads\/2023\/01\/kemerist-logo.png","contentUrl":"https:\/\/www.kemerist.com\/wp-content\/uploads\/2023\/01\/kemerist-logo.png","width":1328,"height":236,"caption":"Kemerist"},"image":{"@id":"https:\/\/kemerist.com\/en\/#\/schema\/logo\/image\/"},"sameAs":["https:\/\/www.instagram.com\/kemeristofficial","https:\/\/www.youtube.com\/@kemerist4573","https:\/\/www.linkedin.com\/in\/aycan-demir-55a4ab56"]}]}},"jetpack_sharing_enabled":true,"_links":{"self":[{"href":"https:\/\/kemerist.com\/en\/wp-json\/wp\/v2\/pages\/346","targetHints":{"allow":["GET"]}}],"collection":[{"href":"https:\/\/kemerist.com\/en\/wp-json\/wp\/v2\/pages"}],"about":[{"href":"https:\/\/kemerist.com\/en\/wp-json\/wp\/v2\/types\/page"}],"author":[{"embeddable":true,"href":"https:\/\/kemerist.com\/en\/wp-json\/wp\/v2\/users\/1"}],"replies":[{"embeddable":true,"href":"https:\/\/kemerist.com\/en\/wp-json\/wp\/v2\/comments?post=346"}],"version-history":[{"count":13,"href":"https:\/\/kemerist.com\/en\/wp-json\/wp\/v2\/pages\/346\/revisions"}],"predecessor-version":[{"id":579,"href":"https:\/\/kemerist.com\/en\/wp-json\/wp\/v2\/pages\/346\/revisions\/579"}],"wp:featuredmedia":[{"embeddable":true,"href":"https:\/\/kemerist.com\/en\/wp-json\/wp\/v2\/media\/466"}],"wp:attachment":[{"href":"https:\/\/kemerist.com\/en\/wp-json\/wp\/v2\/media?parent=346"}],"curies":[{"name":"wp","href":"https:\/\/api.w.org\/{rel}","templated":true}]}}