{"id":41,"date":"2016-03-31T14:37:54","date_gmt":"2016-03-31T14:37:54","guid":{"rendered":"http:\/\/flatsome.dev\/?page_id=7011"},"modified":"2023-01-22T21:56:07","modified_gmt":"2023-01-22T21:56:07","slug":"accordion","status":"publish","type":"page","link":"https:\/\/kemerist.com\/en\/elements\/accordion\/","title":{"rendered":"Accordion"},"content":{"rendered":"\n  <div class=\"banner has-hover\" id=\"banner-1956886139\">\n          <div class=\"banner-inner fill\">\n        <div class=\"banner-bg fill\" >\n            <img loading=\"lazy\" decoding=\"async\" width=\"1000\" height=\"650\" src=\"https:\/\/kemerist.com\/wp-content\/uploads\/2016\/08\/dummy-2.jpg\" class=\"bg attachment-large size-large\" alt=\"\" \/>                        <div class=\"overlay\"><\/div>            \n                    <\/div>\n\t\t\n        <div class=\"banner-layers container\">\n            <div class=\"fill banner-link\"><\/div>            \n   <div id=\"text-box-298046863\" class=\"text-box banner-layer x50 md-x50 lg-x50 y50 md-y50 lg-y50 res-text\">\n                                <div class=\"text-box-content text dark\">\n              \n              <div class=\"text-inner text-center\">\n                  \n<h3 class=\"uppercase\"><strong>Accordion element<\/strong><\/h3>\n<p class=\"lead\">Create beautiful accordion sections. You can add any element to the accordion panels.<\/p>\n              <\/div>\n           <\/div>\n                            \n<style>\n#text-box-298046863 {\n  width: 60%;\n}\n#text-box-298046863 .text-box-content {\n  font-size: 100%;\n}\n<\/style>\n    <\/div>\n \n        <\/div>\n      <\/div>\n\n            \n<style>\n#banner-1956886139 {\n  padding-top: 338px;\n}\n#banner-1956886139 .overlay {\n  background-color: rgba(0, 0, 0, 0.41);\n}\n<\/style>\n  <\/div>\n\n\n<div class=\"container section-title-container\" ><h3 class=\"section-title section-title-center\"><b aria-hidden=\"true\"><\/b><span class=\"section-title-main\" >Simple accordion<\/span><b aria-hidden=\"true\"><\/b><\/h3><\/div>\n<div class=\"row\"  id=\"row-979831722\">\n\n\t<div id=\"col-265282437\" class=\"col small-12 large-12\"  >\n\t\t\t\t<div class=\"col-inner\"  >\n\t\t\t\n\t\t\t\n<div class=\"accordion\">\n\t<div id=\"accordion-2368956213\" class=\"accordion-item\">\n\t\t<a id=\"accordion-2368956213-label\" class=\"accordion-title plain\" href=\"#accordion-item-accordion-title\" aria-expanded=\"false\" aria-controls=\"accordion-2368956213-content\">\n\t\t\t<button class=\"toggle\" aria-label=\"Toggle\"><i class=\"icon-angle-down\" aria-hidden=\"true\"><\/i><\/button>\n\t\t\t<span>Accordion Title<\/span>\n\t\t<\/a>\n\t\t<div id=\"accordion-2368956213-content\" class=\"accordion-inner\" aria-labelledby=\"accordion-2368956213-label\">\n\t\t\t\n<p>Lorem ipsum dolor sit amet, consectetuer adipiscing elit, sed diam nonummy nibh euismod tincidunt ut laoreet dolore magna aliquam erat volutpat.<\/p>\n\t\t<\/div>\n\t<\/div>\n\t\n\t<div id=\"accordion-493976866\" class=\"accordion-item\">\n\t\t<a id=\"accordion-493976866-label\" class=\"accordion-title plain\" href=\"#accordion-item-accordion-item-1-title\" aria-expanded=\"false\" aria-controls=\"accordion-493976866-content\">\n\t\t\t<button class=\"toggle\" aria-label=\"Toggle\"><i class=\"icon-angle-down\" aria-hidden=\"true\"><\/i><\/button>\n\t\t\t<span>Accordion Item 1 Title<\/span>\n\t\t<\/a>\n\t\t<div id=\"accordion-493976866-content\" class=\"accordion-inner\" aria-labelledby=\"accordion-493976866-label\">\n\t\t\t\n<p>Lorem ipsum dolor sit amet, consectetuer adipiscing elit, sed diam nonummy nibh euismod tincidunt ut laoreet dolore magna aliquam erat volutpat.<\/p>\n\t\t<\/div>\n\t<\/div>\n\t\n\t<div id=\"accordion-459882855\" class=\"accordion-item\">\n\t\t<a id=\"accordion-459882855-label\" class=\"accordion-title plain\" href=\"#accordion-item-accordion-item-2-title\" aria-expanded=\"false\" aria-controls=\"accordion-459882855-content\">\n\t\t\t<button class=\"toggle\" aria-label=\"Toggle\"><i class=\"icon-angle-down\" aria-hidden=\"true\"><\/i><\/button>\n\t\t\t<span>Accordion Item 2 Title<\/span>\n\t\t<\/a>\n\t\t<div id=\"accordion-459882855-content\" class=\"accordion-inner\" aria-labelledby=\"accordion-459882855-label\">\n\t\t\t\n<p>Lorem ipsum dolor sit amet, consectetuer adipiscing elit, sed diam nonummy nibh euismod tincidunt ut laoreet dolore magna aliquam erat volutpat.<\/p>\n\t\t<\/div>\n\t<\/div>\n\t\n\t<div id=\"accordion-1791446160\" class=\"accordion-item\">\n\t\t<a id=\"accordion-1791446160-label\" class=\"accordion-title plain\" href=\"#accordion-item-add-any-element-to-accordion\" aria-expanded=\"false\" aria-controls=\"accordion-1791446160-content\">\n\t\t\t<button class=\"toggle\" aria-label=\"Toggle\"><i class=\"icon-angle-down\" aria-hidden=\"true\"><\/i><\/button>\n\t\t\t<span>Add any element to accordion<\/span>\n\t\t<\/a>\n\t\t<div id=\"accordion-1791446160-content\" class=\"accordion-inner\" aria-labelledby=\"accordion-1791446160-label\">\n\t\t\t\n\n  \n    <div class=\"row large-columns-3 medium-columns- small-columns-1 slider row-slider slider-nav-reveal slider-nav-push\"  data-flickity-options='{&quot;imagesLoaded&quot;: true, &quot;groupCells&quot;: &quot;100%&quot;, &quot;dragThreshold&quot; : 5, &quot;cellAlign&quot;: &quot;left&quot;,&quot;wrapAround&quot;: true,&quot;prevNextButtons&quot;: true,&quot;percentPosition&quot;: true,&quot;pageDots&quot;: false, &quot;rightToLeft&quot;: false, &quot;autoPlay&quot; : false}' >\n\n  <div class=\"col post-item\" >\n\t\t\t<div class=\"col-inner\">\n\t\t\t\t<div class=\"box box-normal box-text-bottom box-blog-post has-hover\">\n            \t\t\t\t\t<div class=\"box-image\" >\n  \t\t\t\t\t\t<div class=\"image-cover\" style=\"padding-top:56.25%;\">\n\t\t\t\t\t\t\t<a href=\"https:\/\/kemerist.com\/en\/deri-kemer-satin-alirken-nelere-dikkat-etmeliyiz\/\" class=\"plain\" aria-label=\"Kemer Sat\u0131n Al\u0131rken Nelere Dikkat Etmeliyiz\">\n\t\t\t\t\t\t\t\t<img loading=\"lazy\" decoding=\"async\" width=\"600\" height=\"400\" src=\"https:\/\/kemerist.com\/wp-content\/uploads\/2023\/02\/deri-kemer-kemerist-kemer-imalati-600x400.png\" class=\"attachment-medium size-medium wp-post-image\" alt=\"deri-kemer-kemerist-kemer-imalat\u0131\" srcset=\"https:\/\/kemerist.com\/wp-content\/uploads\/2023\/02\/deri-kemer-kemerist-kemer-imalati-600x400.png 600w, https:\/\/kemerist.com\/wp-content\/uploads\/2023\/02\/deri-kemer-kemerist-kemer-imalati-768x512.png 768w, https:\/\/kemerist.com\/wp-content\/uploads\/2023\/02\/deri-kemer-kemerist-kemer-imalati-18x12.png 18w, https:\/\/kemerist.com\/wp-content\/uploads\/2023\/02\/deri-kemer-kemerist-kemer-imalati.png 1200w\" sizes=\"auto, (max-width: 600px) 100vw, 600px\" \/>\t\t\t\t\t\t\t<\/a>\n  \t\t\t\t\t\t\t  \t\t\t\t\t\t\t  \t\t\t\t\t\t<\/div>\n  \t\t\t\t\t\t  \t\t\t\t\t<\/div>\n          \t\t\t\t\t<div class=\"box-text text-center\" >\n\t\t\t\t\t<div class=\"box-text-inner blog-post-inner\">\n\n\t\t\t\t\t\n\t\t\t\t\t\t\t\t\t\t<h5 class=\"post-title is-large \">\n\t\t\t\t\t\t<a href=\"https:\/\/kemerist.com\/en\/deri-kemer-satin-alirken-nelere-dikkat-etmeliyiz\/\" class=\"plain\">Kemer Sat\u0131n Al\u0131rken Nelere Dikkat Etmeliyiz<\/a>\n\t\t\t\t\t<\/h5>\n\t\t\t\t\t\t\t\t\t\t<div class=\"is-divider\"><\/div>\n\t\t\t\t\t\t\t\t\t\t<p class=\"from_the_blog_excerpt \">\n\t\t\t\t\t\tDeri kemer, hem erkekler hem de kad\u0131nlar i\u00e7in \u015f\u0131k bir aksesuard\u0131r. Ancak, sat\u0131n almadan \u00f6nce [...]\t\t\t\t\t<\/p>\n\t\t\t\t\t                    \n\t\t\t\t\t\n\t\t\t\t\t\n\t\t\t\t\t<\/div>\n\t\t\t\t\t<\/div>\n\t\t\t\t\t\t\t\t\t\t\t\t\t\t\t\t<div class=\"badge absolute top post-date badge-outline\">\n\t\t\t\t\t\t\t<div class=\"badge-inner\">\n\t\t\t\t\t\t\t\t<span class=\"post-date-day\">24<\/span><br>\n\t\t\t\t\t\t\t\t<span class=\"post-date-month is-xsmall\">Feb<\/span>\n\t\t\t\t\t\t\t<\/div>\n\t\t\t\t\t\t<\/div>\n\t\t\t\t\t\t\t\t\t<\/div>\n\t\t\t<\/div>\n\t\t<\/div><\/div>\n<a class=\"button primary is-outline\" >\n\t\t<span>Click me!<\/span>\n\t<\/a>\n\n\t\t<\/div>\n\t<\/div>\n\t\n<\/div>\n\t\t<\/div>\n\t\t\t\t\t<\/div>\n\n\t\n<\/div>\n","protected":false},"excerpt":{"rendered":"","protected":false},"author":1,"featured_media":17,"parent":90,"menu_order":99,"comment_status":"closed","ping_status":"closed","template":"page-blank.php","meta":{"footnotes":""},"class_list":["post-41","page","type-page","status-publish","has-post-thumbnail","hentry"],"yoast_head":"<!-- This site is optimized with the Yoast SEO plugin v27.4 - https:\/\/yoast.com\/product\/yoast-seo-wordpress\/ -->\n<title>Accordion - Kemerist<\/title>\n<meta name=\"robots\" content=\"index, follow, max-snippet:-1, max-image-preview:large, max-video-preview:-1\" \/>\n<link rel=\"canonical\" href=\"https:\/\/kemerist.com\/en\/elements\/accordion\/\" \/>\n<meta property=\"og:locale\" content=\"en_US\" \/>\n<meta property=\"og:type\" content=\"article\" \/>\n<meta property=\"og:title\" content=\"Accordion - Kemerist\" \/>\n<meta property=\"og:url\" content=\"https:\/\/kemerist.com\/en\/elements\/accordion\/\" \/>\n<meta property=\"og:site_name\" content=\"Kemerist\" \/>\n<meta property=\"article:modified_time\" content=\"2023-01-22T21:56:07+00:00\" \/>\n<meta property=\"og:image\" content=\"https:\/\/kemerist.com\/wp-content\/uploads\/2016\/08\/dummy-1.jpg\" \/>\n\t<meta property=\"og:image:width\" content=\"400\" \/>\n\t<meta property=\"og:image:height\" content=\"260\" \/>\n\t<meta property=\"og:image:type\" content=\"image\/jpeg\" \/>\n<meta name=\"twitter:card\" content=\"summary_large_image\" \/>\n<meta name=\"twitter:label1\" content=\"Est. reading time\" \/>\n\t<meta name=\"twitter:data1\" content=\"1 minute\" \/>\n<!-- \/ Yoast SEO plugin. -->","yoast_head_json":{"title":"Accordion - Kemerist","robots":{"index":"index","follow":"follow","max-snippet":"max-snippet:-1","max-image-preview":"max-image-preview:large","max-video-preview":"max-video-preview:-1"},"canonical":"https:\/\/kemerist.com\/en\/elements\/accordion\/","og_locale":"en_US","og_type":"article","og_title":"Accordion - Kemerist","og_url":"https:\/\/kemerist.com\/en\/elements\/accordion\/","og_site_name":"Kemerist","article_modified_time":"2023-01-22T21:56:07+00:00","og_image":[{"width":400,"height":260,"url":"https:\/\/kemerist.com\/wp-content\/uploads\/2016\/08\/dummy-1.jpg","type":"image\/jpeg"}],"twitter_card":"summary_large_image","twitter_misc":{"Est. reading time":"1 minute"},"schema":{"@context":"https:\/\/schema.org","@graph":[{"@type":"WebPage","@id":"https:\/\/kemerist.com\/elements\/accordion\/","url":"https:\/\/kemerist.com\/elements\/accordion\/","name":"Accordion - Kemerist","isPartOf":{"@id":"https:\/\/kemerist.com\/en\/#website"},"primaryImageOfPage":{"@id":"https:\/\/kemerist.com\/elements\/accordion\/#primaryimage"},"image":{"@id":"https:\/\/kemerist.com\/elements\/accordion\/#primaryimage"},"thumbnailUrl":"https:\/\/kemerist.com\/wp-content\/uploads\/2016\/08\/dummy-1.jpg","datePublished":"2016-03-31T14:37:54+00:00","dateModified":"2023-01-22T21:56:07+00:00","breadcrumb":{"@id":"https:\/\/kemerist.com\/elements\/accordion\/#breadcrumb"},"inLanguage":"en-US","potentialAction":[{"@type":"ReadAction","target":["https:\/\/kemerist.com\/elements\/accordion\/"]}]},{"@type":"ImageObject","inLanguage":"en-US","@id":"https:\/\/kemerist.com\/elements\/accordion\/#primaryimage","url":"https:\/\/kemerist.com\/wp-content\/uploads\/2016\/08\/dummy-1.jpg","contentUrl":"https:\/\/kemerist.com\/wp-content\/uploads\/2016\/08\/dummy-1.jpg","width":400,"height":260},{"@type":"BreadcrumbList","@id":"https:\/\/kemerist.com\/elements\/accordion\/#breadcrumb","itemListElement":[{"@type":"ListItem","position":1,"name":"Anasayfa","item":"https:\/\/kemerist.com\/"},{"@type":"ListItem","position":2,"name":"Elements","item":"https:\/\/kemerist.com\/elements\/"},{"@type":"ListItem","position":3,"name":"Accordion"}]},{"@type":"WebSite","@id":"https:\/\/kemerist.com\/en\/#website","url":"https:\/\/kemerist.com\/en\/","name":"Kemerist","description":"Kemerist","publisher":{"@id":"https:\/\/kemerist.com\/en\/#organization"},"potentialAction":[{"@type":"SearchAction","target":{"@type":"EntryPoint","urlTemplate":"https:\/\/kemerist.com\/en\/?s={search_term_string}"},"query-input":{"@type":"PropertyValueSpecification","valueRequired":true,"valueName":"search_term_string"}}],"inLanguage":"en-US"},{"@type":"Organization","@id":"https:\/\/kemerist.com\/en\/#organization","name":"Kemerist","alternateName":"Aycan Demir Deri \u00dcr\u00fcnleri","url":"https:\/\/kemerist.com\/en\/","logo":{"@type":"ImageObject","inLanguage":"en-US","@id":"https:\/\/kemerist.com\/en\/#\/schema\/logo\/image\/","url":"https:\/\/www.kemerist.com\/wp-content\/uploads\/2023\/01\/kemerist-logo.png","contentUrl":"https:\/\/www.kemerist.com\/wp-content\/uploads\/2023\/01\/kemerist-logo.png","width":1328,"height":236,"caption":"Kemerist"},"image":{"@id":"https:\/\/kemerist.com\/en\/#\/schema\/logo\/image\/"},"sameAs":["https:\/\/www.instagram.com\/kemeristofficial","https:\/\/www.youtube.com\/@kemerist4573","https:\/\/www.linkedin.com\/in\/aycan-demir-55a4ab56"]}]}},"jetpack_sharing_enabled":true,"_links":{"self":[{"href":"https:\/\/kemerist.com\/en\/wp-json\/wp\/v2\/pages\/41","targetHints":{"allow":["GET"]}}],"collection":[{"href":"https:\/\/kemerist.com\/en\/wp-json\/wp\/v2\/pages"}],"about":[{"href":"https:\/\/kemerist.com\/en\/wp-json\/wp\/v2\/types\/page"}],"author":[{"embeddable":true,"href":"https:\/\/kemerist.com\/en\/wp-json\/wp\/v2\/users\/1"}],"replies":[{"embeddable":true,"href":"https:\/\/kemerist.com\/en\/wp-json\/wp\/v2\/comments?post=41"}],"version-history":[{"count":1,"href":"https:\/\/kemerist.com\/en\/wp-json\/wp\/v2\/pages\/41\/revisions"}],"predecessor-version":[{"id":112,"href":"https:\/\/kemerist.com\/en\/wp-json\/wp\/v2\/pages\/41\/revisions\/112"}],"up":[{"embeddable":true,"href":"https:\/\/kemerist.com\/en\/wp-json\/wp\/v2\/pages\/90"}],"wp:featuredmedia":[{"embeddable":true,"href":"https:\/\/kemerist.com\/en\/wp-json\/wp\/v2\/media\/17"}],"wp:attachment":[{"href":"https:\/\/kemerist.com\/en\/wp-json\/wp\/v2\/media?parent=41"}],"curies":[{"name":"wp","href":"https:\/\/api.w.org\/{rel}","templated":true}]}}