{"id":484,"date":"2023-03-03T10:02:08","date_gmt":"2023-03-03T10:02:08","guid":{"rendered":"https:\/\/www.kemerist.com\/?page_id=484"},"modified":"2023-06-28T18:58:30","modified_gmt":"2023-06-28T18:58:30","slug":"deri-aksesuar","status":"publish","type":"page","link":"https:\/\/kemerist.com\/en\/deri-aksesuar\/","title":{"rendered":"Leather Accessory"},"content":{"rendered":"<div class=\"row\"  id=\"row-1994695099\">\n\n\n\t<div id=\"col-1300234460\" class=\"col small-12 large-12\"  >\n\t\t\t\t<div class=\"col-inner\"  >\n\t\t\t\n\t\t\t\n\n\t<div id=\"gap-1999107825\" class=\"gap-element clearfix\" style=\"display:block; height:auto;\">\n\t\t\n<style>\n#gap-1999107825 {\n  padding-top: 50px;\n}\n<\/style>\n\t<\/div>\n\t\n\n\n  \n    <div class=\"row large-columns-4 medium-columns-3 small-columns-2\" >\n  <div class=\"gallery-col col\" >\n          <div class=\"col-inner\">\n            <a class=\"image-lightbox lightbox-gallery\" href=\"https:\/\/kemerist.com\/wp-content\/uploads\/2023\/02\/deri-cuzdan-erkek.png\" title=\"\">            <div class=\"box has-hover gallery-box box-overlay dark\">\n              <div class=\"box-image\" >\n                <img loading=\"lazy\" decoding=\"async\" width=\"402\" height=\"400\" src=\"https:\/\/kemerist.com\/wp-content\/uploads\/2023\/02\/deri-cuzdan-erkek-402x400.png\" class=\"attachment-medium size-medium\" alt=\"\" ids=\"453,454,455,456\" srcset=\"https:\/\/kemerist.com\/wp-content\/uploads\/2023\/02\/deri-cuzdan-erkek-402x400.png 402w, https:\/\/kemerist.com\/wp-content\/uploads\/2023\/02\/deri-cuzdan-erkek-280x280.png 280w, https:\/\/kemerist.com\/wp-content\/uploads\/2023\/02\/deri-cuzdan-erkek-768x765.png 768w, https:\/\/kemerist.com\/wp-content\/uploads\/2023\/02\/deri-cuzdan-erkek-12x12.png 12w, https:\/\/kemerist.com\/wp-content\/uploads\/2023\/02\/deri-cuzdan-erkek-300x300.png 300w, https:\/\/kemerist.com\/wp-content\/uploads\/2023\/02\/deri-cuzdan-erkek-600x598.png 600w, https:\/\/kemerist.com\/wp-content\/uploads\/2023\/02\/deri-cuzdan-erkek-100x100.png 100w, https:\/\/kemerist.com\/wp-content\/uploads\/2023\/02\/deri-cuzdan-erkek.png 800w\" sizes=\"auto, (max-width: 402px) 100vw, 402px\" \/>                                  <div class=\"overlay fill\"\n                      style=\"background-color: rgba(0,0,0,.15)\">\n                  <\/div>\n                                                              <\/div>\n              <div class=\"box-text text-left\" >\n                 <p><\/p>\n              <\/div>\n            <\/div>\n            <\/a>          <\/div>\n         <\/div><div class=\"gallery-col col\" >\n          <div class=\"col-inner\">\n            <a class=\"image-lightbox lightbox-gallery\" href=\"https:\/\/kemerist.com\/wp-content\/uploads\/2023\/02\/deri-cuzdan.png\" title=\"\">            <div class=\"box has-hover gallery-box box-overlay dark\">\n              <div class=\"box-image\" >\n                <img loading=\"lazy\" decoding=\"async\" width=\"400\" height=\"400\" src=\"https:\/\/kemerist.com\/wp-content\/uploads\/2023\/02\/deri-cuzdan-400x400.png\" class=\"attachment-medium size-medium\" alt=\"\" ids=\"453,454,455,456\" srcset=\"https:\/\/kemerist.com\/wp-content\/uploads\/2023\/02\/deri-cuzdan-400x400.png 400w, https:\/\/kemerist.com\/wp-content\/uploads\/2023\/02\/deri-cuzdan-280x280.png 280w, https:\/\/kemerist.com\/wp-content\/uploads\/2023\/02\/deri-cuzdan-768x768.png 768w, https:\/\/kemerist.com\/wp-content\/uploads\/2023\/02\/deri-cuzdan-12x12.png 12w, https:\/\/kemerist.com\/wp-content\/uploads\/2023\/02\/deri-cuzdan-300x300.png 300w, https:\/\/kemerist.com\/wp-content\/uploads\/2023\/02\/deri-cuzdan-600x600.png 600w, https:\/\/kemerist.com\/wp-content\/uploads\/2023\/02\/deri-cuzdan-100x100.png 100w, https:\/\/kemerist.com\/wp-content\/uploads\/2023\/02\/deri-cuzdan.png 800w\" sizes=\"auto, (max-width: 400px) 100vw, 400px\" \/>                                  <div class=\"overlay fill\"\n                      style=\"background-color: rgba(0,0,0,.15)\">\n                  <\/div>\n                                                              <\/div>\n              <div class=\"box-text text-left\" >\n                 <p><\/p>\n              <\/div>\n            <\/div>\n            <\/a>          <\/div>\n         <\/div><div class=\"gallery-col col\" >\n          <div class=\"col-inner\">\n            <a class=\"image-lightbox lightbox-gallery\" href=\"https:\/\/kemerist.com\/wp-content\/uploads\/2023\/02\/erkek-deri-cuzdan-uretimi-800x800.png\" title=\"\">            <div class=\"box has-hover gallery-box box-overlay dark\">\n              <div class=\"box-image\" >\n                <img loading=\"lazy\" decoding=\"async\" width=\"400\" height=\"400\" src=\"https:\/\/kemerist.com\/wp-content\/uploads\/2023\/02\/erkek-deri-cuzdan-uretimi-400x400.png\" class=\"attachment-medium size-medium\" alt=\"\" ids=\"453,454,455,456\" srcset=\"https:\/\/kemerist.com\/wp-content\/uploads\/2023\/02\/erkek-deri-cuzdan-uretimi-400x400.png 400w, https:\/\/kemerist.com\/wp-content\/uploads\/2023\/02\/erkek-deri-cuzdan-uretimi-800x800.png 800w, https:\/\/kemerist.com\/wp-content\/uploads\/2023\/02\/erkek-deri-cuzdan-uretimi-280x280.png 280w, https:\/\/kemerist.com\/wp-content\/uploads\/2023\/02\/erkek-deri-cuzdan-uretimi-768x768.png 768w, https:\/\/kemerist.com\/wp-content\/uploads\/2023\/02\/erkek-deri-cuzdan-uretimi-12x12.png 12w, https:\/\/kemerist.com\/wp-content\/uploads\/2023\/02\/erkek-deri-cuzdan-uretimi-300x300.png 300w, https:\/\/kemerist.com\/wp-content\/uploads\/2023\/02\/erkek-deri-cuzdan-uretimi-600x600.png 600w, https:\/\/kemerist.com\/wp-content\/uploads\/2023\/02\/erkek-deri-cuzdan-uretimi-100x100.png 100w, https:\/\/kemerist.com\/wp-content\/uploads\/2023\/02\/erkek-deri-cuzdan-uretimi.png 900w\" sizes=\"auto, (max-width: 400px) 100vw, 400px\" \/>                                  <div class=\"overlay fill\"\n                      style=\"background-color: rgba(0,0,0,.15)\">\n                  <\/div>\n                                                              <\/div>\n              <div class=\"box-text text-left\" >\n                 <p><\/p>\n              <\/div>\n            <\/div>\n            <\/a>          <\/div>\n         <\/div><div class=\"gallery-col col\" >\n          <div class=\"col-inner\">\n            <a class=\"image-lightbox lightbox-gallery\" href=\"https:\/\/kemerist.com\/wp-content\/uploads\/2023\/02\/erkek-deri-cuzdan.png\" title=\"\">            <div class=\"box has-hover gallery-box box-overlay dark\">\n              <div class=\"box-image\" >\n                <img loading=\"lazy\" decoding=\"async\" width=\"400\" height=\"400\" src=\"https:\/\/kemerist.com\/wp-content\/uploads\/2023\/02\/erkek-deri-cuzdan-400x400.png\" class=\"attachment-medium size-medium\" alt=\"\" ids=\"453,454,455,456\" srcset=\"https:\/\/kemerist.com\/wp-content\/uploads\/2023\/02\/erkek-deri-cuzdan-400x400.png 400w, https:\/\/kemerist.com\/wp-content\/uploads\/2023\/02\/erkek-deri-cuzdan-280x280.png 280w, https:\/\/kemerist.com\/wp-content\/uploads\/2023\/02\/erkek-deri-cuzdan-768x768.png 768w, https:\/\/kemerist.com\/wp-content\/uploads\/2023\/02\/erkek-deri-cuzdan-12x12.png 12w, https:\/\/kemerist.com\/wp-content\/uploads\/2023\/02\/erkek-deri-cuzdan-300x300.png 300w, https:\/\/kemerist.com\/wp-content\/uploads\/2023\/02\/erkek-deri-cuzdan-600x600.png 600w, https:\/\/kemerist.com\/wp-content\/uploads\/2023\/02\/erkek-deri-cuzdan-100x100.png 100w, https:\/\/kemerist.com\/wp-content\/uploads\/2023\/02\/erkek-deri-cuzdan.png 800w\" sizes=\"auto, (max-width: 400px) 100vw, 400px\" \/>                                  <div class=\"overlay fill\"\n                      style=\"background-color: rgba(0,0,0,.15)\">\n                  <\/div>\n                                                              <\/div>\n              <div class=\"box-text text-left\" >\n                 <p><\/p>\n              <\/div>\n            <\/div>\n            <\/a>          <\/div>\n         <\/div><\/div>\n\n\n\t\t<\/div>\n\t\t\t\t\t<\/div>\n\n\t\n\n<\/div>\n\n\t<section class=\"section\" id=\"section_1950267683\">\n\t\t<div class=\"section-bg fill\" >\n\t\t\t<img loading=\"lazy\" decoding=\"async\" width=\"1000\" height=\"667\" src=\"https:\/\/kemerist.com\/wp-content\/uploads\/2023\/02\/2.jpg\" class=\"bg attachment- size-\" alt=\"deri-kemer-\u00fcretimi\" \/>\t\t\t\t\t\t<div class=\"section-bg-overlay absolute fill\"><\/div>\n\t\t\t\n\n\t\t<\/div>\n\n\t\t\n\n\t\t<div class=\"section-content relative\">\n\t\t\t\n\n<div class=\"row\"  id=\"row-687646357\">\n\n\n\t<div id=\"col-1721497871\" class=\"col medium-12 small-12 large-12\"  >\n\t\t\t\t<div class=\"col-inner text-center\"  >\n\t\t\t\n\t\t\t\n\n<div class=\"row\"  id=\"row-278527021\">\n\n\n\t<div id=\"col-1772811462\" class=\"col medium-8 small-12 large-5\"  >\n\t\t\t\t<div class=\"col-inner text-center dark\"  >\n\t\t\t\n\t\t\t\n\n\t<div id=\"gap-1004237385\" class=\"gap-element clearfix\" style=\"display:block; height:auto;\">\n\t\t\n<style>\n#gap-1004237385 {\n  padding-top: 50px;\n}\n<\/style>\n\t<\/div>\n\t\n\n<h1><strong><span style=\"color: #282828; font-size: 140%;\">Our customers<\/span><\/strong><\/h1>\n\n\t\t<\/div>\n\t\t\t\t\n<style>\n#col-1772811462 > .col-inner {\n  margin: 0px 0px -38px 0px;\n}\n<\/style>\n\t<\/div>\n\n\t\n\n<\/div>\n<div class=\"slider-wrapper relative\" id=\"slider-603060309\" >\n    <div class=\"slider slider-nav-simple slider-nav-normal slider-nav-light slider-nav-outside slider-style-focus slider-show-nav\"\n        data-flickity-options='{            \"cellAlign\": \"center\",            \"imagesLoaded\": true,            \"lazyLoad\": 1,            \"freeScroll\": true,            \"wrapAround\": true,            \"autoPlay\": 2000,            \"pauseAutoPlayOnHover\" : false,            \"prevNextButtons\": true,            \"contain\" : true,            \"adaptiveHeight\" : true,            \"dragThreshold\" : 10,            \"percentPosition\": true,            \"pageDots\": false,            \"rightToLeft\": false,            \"draggable\": true,            \"selectedAttraction\": 0.1,            \"parallax\" : 0,            \"friction\": 0.6        }'\n        >\n        \n\n<div class=\"ux-logo has-hover align-middle ux_logo inline-block\" style=\"max-width: 100%!important; width: 127.5px!important\"><div class=\"ux-logo-link block image-\" title=\"\" href=\"\" style=\"padding: 15px;\"><img decoding=\"async\" src=\"https:\/\/kemerist.com\/wp-content\/uploads\/2023\/01\/Image_125.png\" title=\"\" alt=\"\" class=\"ux-logo-image block\" style=\"height:30px;\" \/><\/div><\/div>\n\n<div class=\"ux-logo has-hover align-middle ux_logo inline-block\" style=\"max-width: 100%!important; width: 191.11111111111px!important\"><div class=\"ux-logo-link block image-\" title=\"\" href=\"\" style=\"padding: 15px;\"><img decoding=\"async\" src=\"https:\/\/kemerist.com\/wp-content\/uploads\/2023\/01\/Image_126.png\" title=\"\" alt=\"\" class=\"ux-logo-image block\" style=\"height:30px;\" \/><\/div><\/div>\n\n<div class=\"ux-logo has-hover align-middle ux_logo inline-block\" style=\"max-width: 100%!important; width: 161.63265306122px!important\"><div class=\"ux-logo-link block image-\" title=\"\" href=\"\" style=\"padding: 15px;\"><img decoding=\"async\" src=\"https:\/\/kemerist.com\/wp-content\/uploads\/2023\/01\/Image_116.png\" title=\"\" alt=\"\" class=\"ux-logo-image block\" style=\"height:30px;\" \/><\/div><\/div>\n\n<div class=\"ux-logo has-hover align-middle ux_logo inline-block\" style=\"max-width: 100%!important; width: 158.86363636364px!important\"><div class=\"ux-logo-link block image-\" title=\"\" href=\"\" style=\"padding: 15px;\"><img decoding=\"async\" src=\"https:\/\/kemerist.com\/wp-content\/uploads\/2023\/01\/Image_130.png\" title=\"\" alt=\"\" class=\"ux-logo-image block\" style=\"height:30px;\" \/><\/div><\/div>\n\n<div class=\"ux-logo has-hover align-middle ux_logo inline-block\" style=\"max-width: 100%!important; width: 150.96774193548px!important\"><div class=\"ux-logo-link block image-\" title=\"\" href=\"\" style=\"padding: 15px;\"><img decoding=\"async\" src=\"https:\/\/kemerist.com\/wp-content\/uploads\/2023\/01\/lc-waikiki-logo-copy.png\" title=\"\" alt=\"\" class=\"ux-logo-image block\" style=\"height:30px;\" \/><\/div><\/div>\n\n<div class=\"ux-logo has-hover align-middle ux_logo inline-block\" style=\"max-width: 100%!important; width: auto!important\"><div class=\"ux-logo-link block image-\" title=\"\" href=\"\" style=\"padding: 15px;\"><img decoding=\"async\" src=\"https:\/\/kemerist.com\/wp-content\/uploads\/2023\/01\/USPA-LOGO-NEW.svg\" title=\"\" alt=\"\" class=\"ux-logo-image block\" style=\"height:30px;\" \/><\/div><\/div>\n\n<div class=\"ux-logo has-hover align-middle ux_logo inline-block\" style=\"max-width: 100%!important; width: 105.2px!important\"><div class=\"ux-logo-link block image-\" title=\"\" href=\"\" style=\"padding: 15px;\"><img decoding=\"async\" src=\"https:\/\/kemerist.com\/wp-content\/uploads\/2023\/01\/Image_119.png\" title=\"\" alt=\"\" class=\"ux-logo-image block\" style=\"height:30px;\" \/><\/div><\/div>\n\n<div class=\"ux-logo has-hover align-middle ux_logo inline-block\" style=\"max-width: 100%!important; width: 137.41935483871px!important\"><div class=\"ux-logo-link block image-\" title=\"\" href=\"\" style=\"padding: 15px;\"><img decoding=\"async\" src=\"https:\/\/kemerist.com\/wp-content\/uploads\/2023\/01\/Image_124.png\" title=\"\" alt=\"\" class=\"ux-logo-image block\" style=\"height:30px;\" \/><\/div><\/div>\n\n<div class=\"ux-logo has-hover align-middle ux_logo inline-block\" style=\"max-width: 100%!important; width: 150.71428571429px!important\"><div class=\"ux-logo-link block image-\" title=\"\" href=\"\" style=\"padding: 15px;\"><img decoding=\"async\" src=\"https:\/\/kemerist.com\/wp-content\/uploads\/2023\/01\/Image_129.png\" title=\"\" alt=\"\" class=\"ux-logo-image block\" style=\"height:30px;\" \/><\/div><\/div>\n\n<div class=\"ux-logo has-hover align-middle ux_logo inline-block\" style=\"max-width: 100%!important; width: 101.875px!important\"><div class=\"ux-logo-link block image-\" title=\"\" href=\"\" style=\"padding: 15px;\"><img decoding=\"async\" src=\"https:\/\/kemerist.com\/wp-content\/uploads\/2023\/01\/Image_135.png\" title=\"\" alt=\"\" class=\"ux-logo-image block\" style=\"height:30px;\" \/><\/div><\/div>\n\n\n     <\/div>\n\n     <div class=\"loading-spin dark large centered\"><\/div>\n\n\t<\/div>\n\n\n\n\t\t<\/div>\n\t\t\t\t\t<\/div>\n\n\t\n\n<\/div>\n\n\t\t<\/div>\n\n\t\t\n<style>\n#section_1950267683 {\n  padding-top: 40px;\n  padding-bottom: 40px;\n}\n#section_1950267683 .section-bg-overlay {\n  background-color: rgba(178, 169, 169, 0.5);\n}\n#section_1950267683 .section-bg img {\n  object-position: 57% 71%;\n}\n<\/style>\n\t<\/section>\n\t\n\t<div id=\"gap-1005765544\" class=\"gap-element clearfix\" style=\"display:block; height:auto;\">\n\t\t\n<style>\n#gap-1005765544 {\n  padding-top: 30px;\n}\n<\/style>\n\t<\/div>\n\t\n\n\n\t<section class=\"section dark\" id=\"section_960150698\">\n\t\t<div class=\"section-bg fill\" >\n\t\t\t\t\t\t\t\t\t\n\t\t\t\n\n\t\t<\/div>\n\n\t\t\n\n\t\t<div class=\"section-content relative\">\n\t\t\t\n\n\t<div id=\"gap-35948775\" class=\"gap-element clearfix\" style=\"display:block; height:auto;\">\n\t\t\n<style>\n#gap-35948775 {\n  padding-top: 30px;\n}\n<\/style>\n\t<\/div>\n\t\n\n<div class=\"row\"  id=\"row-637110123\">\n\n\n\t<div id=\"col-566969985\" class=\"col medium-12 small-12 large-4\"  >\n\t\t\t\t<div class=\"col-inner\"  >\n\t\t\t\n\t\t\t\n\n\t<div class=\"img has-hover x md-x lg-x y md-y lg-y\" id=\"image_830886665\">\n\t\t\t\t\t\t\t\t<div class=\"img-inner dark\" >\n\t\t\t<img loading=\"lazy\" decoding=\"async\" width=\"1020\" height=\"181\" src=\"https:\/\/kemerist.com\/wp-content\/uploads\/2023\/01\/kemerist-logo.png\" class=\"attachment-large size-large\" alt=\"\" srcset=\"https:\/\/kemerist.com\/wp-content\/uploads\/2023\/01\/kemerist-logo.png 1328w, https:\/\/kemerist.com\/wp-content\/uploads\/2023\/01\/kemerist-logo-600x107.png 600w, https:\/\/kemerist.com\/wp-content\/uploads\/2023\/01\/kemerist-logo-800x142.png 800w, https:\/\/kemerist.com\/wp-content\/uploads\/2023\/01\/kemerist-logo-768x136.png 768w\" sizes=\"auto, (max-width: 1020px) 100vw, 1020px\" \/>\t\t\t\t\t\t\n\t\t\t\t\t<\/div>\n\t\t\t\t\t\t\t\t\n<style>\n#image_830886665 {\n  width: 60%;\n}\n@media (min-width:550px) {\n  #image_830886665 {\n    width: 30%;\n  }\n}\n@media (min-width:850px) {\n  #image_830886665 {\n    width: 60%;\n  }\n}\n<\/style>\n\t<\/div>\n\t\n\n\t<div id=\"gap-2112548092\" class=\"gap-element clearfix\" style=\"display:block; height:auto;\">\n\t\t\n<style>\n#gap-2112548092 {\n  padding-top: 10px;\n}\n<\/style>\n\t<\/div>\n\t\n\n<p>4 nolu sokak No:6, 14900<br \/>Demirciler Organize Sanayi B\u00f6lgesi<br \/>Gerede\/Bolu<\/p>\n<a class=\"button white is-link is-small\" >\n\t<i class=\"icon-phone\" aria-hidden=\"true\"><\/i>\t<span>0374 311 22 24<\/span>\n\t<\/a>\n\n\n<a class=\"button white is-link is-small lowercase\" >\n\t<i class=\"icon-envelop\" aria-hidden=\"true\"><\/i>\t<span>info@kemerist.com<\/span>\n\t<\/a>\n\n\n\n\t\t<\/div>\n\t\t\t\t\t<\/div>\n\n\t\n\n\t<div id=\"col-1216139931\" class=\"col medium-12 small-12 large-8\"  >\n\t\t\t\t<div class=\"col-inner\"  >\n\t\t\t\n\t\t\t\n\n<div class=\"row row-small\"  id=\"row-1706265996\">\n\n\n\t<div id=\"col-414658615\" class=\"col medium-4 small-12 large-4\"  >\n\t\t\t\t<div class=\"col-inner\"  >\n\t\t\t\n\t\t\t\n\n<ul>\n<li class=\"bullet-arrow\"><a href=\"https:\/\/kemerist.com\/en\/\"><span style=\"font-size: 12.96px;\">Home<\/span><\/a><\/li>\n<li class=\"bullet-arrow\"><a href=\"https:\/\/kemerist.com\/en\/biz-kimiz\/\"><span style=\"font-size: 12.96px;\">About Us<\/span><\/a><\/li>\n<li class=\"bullet-arrow\"><span style=\"font-size: 12.96px;\"><a href=\"https:\/\/kemerist.com\/en\/shop\/\">Our Products<\/a><\/span><\/li>\n<li class=\"bullet-arrow\"><a href=\"https:\/\/kemerist.com\/en\/iletisim\/\"><span style=\"font-size: 12.96px;\">Contact<\/span><\/a><\/li>\n<\/ul>\n\n\t\t<\/div>\n\t\t\t\t\t<\/div>\n\n\t\n\n\t<div id=\"col-850251826\" class=\"col medium-4 small-12 large-4\"  >\n\t\t\t\t<div class=\"col-inner\"  >\n\t\t\t\n\t\t\t\n\n<ul>\n<li class=\"bullet-arrow\"><span style=\"font-size: 12.96px;\">Men's Belt<\/span><\/li>\n<li class=\"bullet-arrow\"><span style=\"font-size: 12.96px;\">Women's Belt<\/span><\/li>\n<li class=\"bullet-arrow\"><span style=\"font-size: 12.96px;\">Accessory<\/span><\/li>\n<\/ul>\n\n\t\t<\/div>\n\t\t\t\t\t<\/div>\n\n\t\n\n\t<div id=\"col-1971362630\" class=\"col medium-4 small-12 large-4\"  >\n\t\t\t\t<div class=\"col-inner\"  >\n\t\t\t\n\t\t\t\n\n\t<div id=\"text-1032830506\" class=\"text\">\n\t\t\n\n<h4>Social Media<\/h4>\n\t\t\n<style>\n#text-1032830506 {\n  text-align: center;\n}\n<\/style>\n\t<\/div>\n\t\n<div class=\"social-icons follow-icons full-width text-center\" ><a href=\"https:\/\/www.instagram.com\/kemeristofficial\" target=\"_blank\" data-label=\"Instagram\" class=\"icon plain tooltip instagram\" title=\"Follow on Instagram\" aria-label=\"Follow on Instagram\" rel=\"noopener nofollow\"><i class=\"icon-instagram\" aria-hidden=\"true\"><\/i><\/a><a href=\"https:\/\/www.linkedin.com\/company\/kemerist\" data-label=\"LinkedIn\" target=\"_blank\" class=\"icon plain tooltip linkedin\" title=\"Follow on LinkedIn\" aria-label=\"Follow on LinkedIn\" rel=\"noopener nofollow\"><i class=\"icon-linkedin\" aria-hidden=\"true\"><\/i><\/a><a href=\"https:\/\/www.youtube.com\/@kemerist4573\" data-label=\"YouTube\" target=\"_blank\" class=\"icon plain tooltip youtube\" title=\"Follow on YouTube\" aria-label=\"Follow on YouTube\" rel=\"noopener nofollow\"><i class=\"icon-youtube\" aria-hidden=\"true\"><\/i><\/a><\/div>\n\n\n\t\t<\/div>\n\t\t\t\t\t<\/div>\n\n\t\n\n<\/div>\n\n\t\t<\/div>\n\t\t\t\t\t<\/div>\n\n\t\n\n<\/div>\n\n\t\t<\/div>\n\n\t\t\n<style>\n#section_960150698 {\n  padding-top: 30px;\n  padding-bottom: 30px;\n  background-color: #273647;\n}\n@media (min-width:550px) {\n  #section_960150698 {\n    padding-top: 60px;\n    padding-bottom: 60px;\n  }\n}\n<\/style>\n\t<\/section>","protected":false},"excerpt":{"rendered":"","protected":false},"author":1,"featured_media":452,"parent":0,"menu_order":0,"comment_status":"closed","ping_status":"closed","template":"page-blank.php","meta":{"footnotes":""},"class_list":["post-484","page","type-page","status-publish","has-post-thumbnail","hentry"],"yoast_head":"<!-- This site is optimized with the Yoast SEO plugin v27.4 - https:\/\/yoast.com\/product\/yoast-seo-wordpress\/ -->\n<title>Deri Aksesuar - Kemerist<\/title>\n<meta name=\"description\" content=\"Kemerist, Y\u00fcksek kaliteli malzemelerden yap\u0131lm\u0131\u015f deri aksesuarlar\u0131m\u0131z \u015f\u0131k ve estetik tasar\u0131mlar\u0131yla, giyim tarz\u0131na dikkat edenler i\u00e7in aksesuar \u00fcretiyoruz\" \/>\n<meta name=\"robots\" content=\"index, follow, max-snippet:-1, max-image-preview:large, max-video-preview:-1\" \/>\n<link rel=\"canonical\" href=\"https:\/\/kemerist.com\/en\/deri-aksesuar\/\" \/>\n<meta property=\"og:locale\" content=\"en_US\" \/>\n<meta property=\"og:type\" content=\"article\" \/>\n<meta property=\"og:title\" content=\"Deri Aksesuar - Kemerist\" \/>\n<meta property=\"og:description\" content=\"Kemerist, Y\u00fcksek kaliteli malzemelerden yap\u0131lm\u0131\u015f deri aksesuarlar\u0131m\u0131z \u015f\u0131k ve estetik tasar\u0131mlar\u0131yla, giyim tarz\u0131na dikkat edenler i\u00e7in aksesuar \u00fcretiyoruz\" \/>\n<meta property=\"og:url\" content=\"https:\/\/kemerist.com\/en\/deri-aksesuar\/\" \/>\n<meta property=\"og:site_name\" content=\"Kemerist\" \/>\n<meta property=\"article:modified_time\" content=\"2023-06-28T18:58:30+00:00\" \/>\n<meta property=\"og:image\" content=\"https:\/\/kemerist.com\/wp-content\/uploads\/2023\/02\/deri-cuzdan.jpg\" \/>\n\t<meta property=\"og:image:width\" content=\"1000\" \/>\n\t<meta property=\"og:image:height\" content=\"667\" \/>\n\t<meta property=\"og:image:type\" content=\"image\/jpeg\" \/>\n<meta name=\"twitter:card\" content=\"summary_large_image\" \/>\n<meta name=\"twitter:label1\" content=\"Est. reading time\" \/>\n\t<meta name=\"twitter:data1\" content=\"1 minute\" \/>\n<!-- \/ Yoast SEO plugin. -->","yoast_head_json":{"title":"Deri Aksesuar - Kemerist","description":"Kemerist, Y\u00fcksek kaliteli malzemelerden yap\u0131lm\u0131\u015f deri aksesuarlar\u0131m\u0131z \u015f\u0131k ve estetik tasar\u0131mlar\u0131yla, giyim tarz\u0131na dikkat edenler i\u00e7in aksesuar \u00fcretiyoruz","robots":{"index":"index","follow":"follow","max-snippet":"max-snippet:-1","max-image-preview":"max-image-preview:large","max-video-preview":"max-video-preview:-1"},"canonical":"https:\/\/kemerist.com\/en\/deri-aksesuar\/","og_locale":"en_US","og_type":"article","og_title":"Deri Aksesuar - Kemerist","og_description":"Kemerist, Y\u00fcksek kaliteli malzemelerden yap\u0131lm\u0131\u015f deri aksesuarlar\u0131m\u0131z \u015f\u0131k ve estetik tasar\u0131mlar\u0131yla, giyim tarz\u0131na dikkat edenler i\u00e7in aksesuar \u00fcretiyoruz","og_url":"https:\/\/kemerist.com\/en\/deri-aksesuar\/","og_site_name":"Kemerist","article_modified_time":"2023-06-28T18:58:30+00:00","og_image":[{"width":1000,"height":667,"url":"https:\/\/kemerist.com\/wp-content\/uploads\/2023\/02\/deri-cuzdan.jpg","type":"image\/jpeg"}],"twitter_card":"summary_large_image","twitter_misc":{"Est. reading time":"1 minute"},"schema":{"@context":"https:\/\/schema.org","@graph":[{"@type":"WebPage","@id":"https:\/\/kemerist.com\/deri-aksesuar\/","url":"https:\/\/kemerist.com\/deri-aksesuar\/","name":"Deri Aksesuar - Kemerist","isPartOf":{"@id":"https:\/\/kemerist.com\/en\/#website"},"primaryImageOfPage":{"@id":"https:\/\/kemerist.com\/deri-aksesuar\/#primaryimage"},"image":{"@id":"https:\/\/kemerist.com\/deri-aksesuar\/#primaryimage"},"thumbnailUrl":"https:\/\/kemerist.com\/wp-content\/uploads\/2023\/02\/deri-cuzdan.jpg","datePublished":"2023-03-03T10:02:08+00:00","dateModified":"2023-06-28T18:58:30+00:00","description":"Kemerist, Y\u00fcksek kaliteli malzemelerden yap\u0131lm\u0131\u015f deri aksesuarlar\u0131m\u0131z \u015f\u0131k ve estetik tasar\u0131mlar\u0131yla, giyim tarz\u0131na dikkat edenler i\u00e7in aksesuar \u00fcretiyoruz","breadcrumb":{"@id":"https:\/\/kemerist.com\/deri-aksesuar\/#breadcrumb"},"inLanguage":"en-US","potentialAction":[{"@type":"ReadAction","target":["https:\/\/kemerist.com\/deri-aksesuar\/"]}]},{"@type":"ImageObject","inLanguage":"en-US","@id":"https:\/\/kemerist.com\/deri-aksesuar\/#primaryimage","url":"https:\/\/kemerist.com\/wp-content\/uploads\/2023\/02\/deri-cuzdan.jpg","contentUrl":"https:\/\/kemerist.com\/wp-content\/uploads\/2023\/02\/deri-cuzdan.jpg","width":1000,"height":667,"caption":"deri cu\u0308zdan"},{"@type":"BreadcrumbList","@id":"https:\/\/kemerist.com\/deri-aksesuar\/#breadcrumb","itemListElement":[{"@type":"ListItem","position":1,"name":"Anasayfa","item":"https:\/\/kemerist.com\/"},{"@type":"ListItem","position":2,"name":"Deri Aksesuar"}]},{"@type":"WebSite","@id":"https:\/\/kemerist.com\/en\/#website","url":"https:\/\/kemerist.com\/en\/","name":"Kemerist","description":"Kemerist","publisher":{"@id":"https:\/\/kemerist.com\/en\/#organization"},"potentialAction":[{"@type":"SearchAction","target":{"@type":"EntryPoint","urlTemplate":"https:\/\/kemerist.com\/en\/?s={search_term_string}"},"query-input":{"@type":"PropertyValueSpecification","valueRequired":true,"valueName":"search_term_string"}}],"inLanguage":"en-US"},{"@type":"Organization","@id":"https:\/\/kemerist.com\/en\/#organization","name":"Kemerist","alternateName":"Aycan Demir Deri \u00dcr\u00fcnleri","url":"https:\/\/kemerist.com\/en\/","logo":{"@type":"ImageObject","inLanguage":"en-US","@id":"https:\/\/kemerist.com\/en\/#\/schema\/logo\/image\/","url":"https:\/\/www.kemerist.com\/wp-content\/uploads\/2023\/01\/kemerist-logo.png","contentUrl":"https:\/\/www.kemerist.com\/wp-content\/uploads\/2023\/01\/kemerist-logo.png","width":1328,"height":236,"caption":"Kemerist"},"image":{"@id":"https:\/\/kemerist.com\/en\/#\/schema\/logo\/image\/"},"sameAs":["https:\/\/www.instagram.com\/kemeristofficial","https:\/\/www.youtube.com\/@kemerist4573","https:\/\/www.linkedin.com\/in\/aycan-demir-55a4ab56"]}]}},"jetpack_sharing_enabled":true,"_links":{"self":[{"href":"https:\/\/kemerist.com\/en\/wp-json\/wp\/v2\/pages\/484","targetHints":{"allow":["GET"]}}],"collection":[{"href":"https:\/\/kemerist.com\/en\/wp-json\/wp\/v2\/pages"}],"about":[{"href":"https:\/\/kemerist.com\/en\/wp-json\/wp\/v2\/types\/page"}],"author":[{"embeddable":true,"href":"https:\/\/kemerist.com\/en\/wp-json\/wp\/v2\/users\/1"}],"replies":[{"embeddable":true,"href":"https:\/\/kemerist.com\/en\/wp-json\/wp\/v2\/comments?post=484"}],"version-history":[{"count":5,"href":"https:\/\/kemerist.com\/en\/wp-json\/wp\/v2\/pages\/484\/revisions"}],"predecessor-version":[{"id":552,"href":"https:\/\/kemerist.com\/en\/wp-json\/wp\/v2\/pages\/484\/revisions\/552"}],"wp:featuredmedia":[{"embeddable":true,"href":"https:\/\/kemerist.com\/en\/wp-json\/wp\/v2\/media\/452"}],"wp:attachment":[{"href":"https:\/\/kemerist.com\/en\/wp-json\/wp\/v2\/media?parent=484"}],"curies":[{"name":"wp","href":"https:\/\/api.w.org\/{rel}","templated":true}]}}