{"id":293,"date":"2023-01-23T10:38:27","date_gmt":"2023-01-23T10:38:27","guid":{"rendered":"https:\/\/www.kemerist.com\/?post_type=product&#038;p=293"},"modified":"2023-02-24T19:26:55","modified_gmt":"2023-02-24T19:26:55","slug":"kmr-m-20-01-erkek-kemer","status":"publish","type":"product","link":"https:\/\/kemerist.com\/en\/product\/kmr-m-20-01-erkek-kemer\/","title":{"rendered":"KMR-M-20-01 Men's Belt"},"content":{"rendered":"","protected":false},"excerpt":{"rendered":"<p>Koleksiyonunuza bir kalite dokunu\u015fu getirin. Y\u00fcksek kaliteli suni deriden yap\u0131lm\u0131\u015f, 3,5 cm geni\u015fli\u011finde ve d\u00f6nen nikel saten tokal\u0131 klasik \u00e7ift tarafl\u0131 kemer. Siyah ve kahverengi olarak \u00fcretilen kemerin rengi, eni, boyu ve tokas\u0131 iste\u011fe g\u00f6re \u00f6zelle\u015ftirilebilir.<\/p>","protected":false},"featured_media":430,"template":"","meta":[],"product_brand":[],"product_cat":[21],"product_tag":[26,25,27],"class_list":{"0":"post-293","1":"product","2":"type-product","3":"status-publish","4":"has-post-thumbnail","6":"product_cat-erkek-kemer","7":"product_tag-deri-kemer","8":"product_tag-erkek-kemer","9":"product_tag-kemer","11":"first","12":"instock","13":"shipping-taxable","14":"product-type-simple"},"yoast_head":"<!-- This site is optimized with the Yoast SEO plugin v27.4 - https:\/\/yoast.com\/product\/yoast-seo-wordpress\/ -->\n<title>KMR-M-20-01 Erkek Kemer - Kemerist<\/title>\n<meta name=\"description\" content=\"Y\u00fcksek kaliteli suni deriden yap\u0131lm\u0131\u015f, 3,5 cm geni\u015fli\u011finde ve d\u00f6nen nikel saten tokal\u0131 klasik \u00e7ift tarafl\u0131 kemer. Siyah ve kahverengi olarak \u00fcretilen kemerin rengi, eni, boyu ve tokas\u0131 iste\u011fe g\u00f6re \u00f6zelle\u015ftirilebilir.\" \/>\n<meta name=\"robots\" content=\"index, follow, max-snippet:-1, max-image-preview:large, max-video-preview:-1\" \/>\n<link rel=\"canonical\" href=\"https:\/\/kemerist.com\/en\/product\/kmr-m-20-01-erkek-kemer\/\" \/>\n<meta property=\"og:locale\" content=\"en_US\" \/>\n<meta property=\"og:type\" content=\"article\" \/>\n<meta property=\"og:title\" content=\"KMR-M-20-01 Erkek Kemer - Kemerist\" \/>\n<meta property=\"og:description\" content=\"Y\u00fcksek kaliteli suni deriden yap\u0131lm\u0131\u015f, 3,5 cm geni\u015fli\u011finde ve d\u00f6nen nikel saten tokal\u0131 klasik \u00e7ift tarafl\u0131 kemer. Siyah ve kahverengi olarak \u00fcretilen kemerin rengi, eni, boyu ve tokas\u0131 iste\u011fe g\u00f6re \u00f6zelle\u015ftirilebilir.\" \/>\n<meta property=\"og:url\" content=\"https:\/\/kemerist.com\/en\/product\/kmr-m-20-01-erkek-kemer\/\" \/>\n<meta property=\"og:site_name\" content=\"Kemerist\" \/>\n<meta property=\"article:modified_time\" content=\"2023-02-24T19:26:55+00:00\" \/>\n<meta property=\"og:image\" content=\"https:\/\/kemerist.com\/wp-content\/uploads\/2023\/01\/erkek-deri-kemer-01.jpg\" \/>\n\t<meta property=\"og:image:width\" content=\"1024\" \/>\n\t<meta property=\"og:image:height\" content=\"1024\" \/>\n\t<meta property=\"og:image:type\" content=\"image\/jpeg\" \/>\n<meta name=\"twitter:card\" content=\"summary_large_image\" \/>\n<!-- \/ Yoast SEO plugin. -->","yoast_head_json":{"title":"KMR-M-20-01 Erkek Kemer - Kemerist","description":"Y\u00fcksek kaliteli suni deriden yap\u0131lm\u0131\u015f, 3,5 cm geni\u015fli\u011finde ve d\u00f6nen nikel saten tokal\u0131 klasik \u00e7ift tarafl\u0131 kemer. Siyah ve kahverengi olarak \u00fcretilen kemerin rengi, eni, boyu ve tokas\u0131 iste\u011fe g\u00f6re \u00f6zelle\u015ftirilebilir.","robots":{"index":"index","follow":"follow","max-snippet":"max-snippet:-1","max-image-preview":"max-image-preview:large","max-video-preview":"max-video-preview:-1"},"canonical":"https:\/\/kemerist.com\/en\/product\/kmr-m-20-01-erkek-kemer\/","og_locale":"en_US","og_type":"article","og_title":"KMR-M-20-01 Erkek Kemer - Kemerist","og_description":"Y\u00fcksek kaliteli suni deriden yap\u0131lm\u0131\u015f, 3,5 cm geni\u015fli\u011finde ve d\u00f6nen nikel saten tokal\u0131 klasik \u00e7ift tarafl\u0131 kemer. Siyah ve kahverengi olarak \u00fcretilen kemerin rengi, eni, boyu ve tokas\u0131 iste\u011fe g\u00f6re \u00f6zelle\u015ftirilebilir.","og_url":"https:\/\/kemerist.com\/en\/product\/kmr-m-20-01-erkek-kemer\/","og_site_name":"Kemerist","article_modified_time":"2023-02-24T19:26:55+00:00","og_image":[{"width":1024,"height":1024,"url":"https:\/\/kemerist.com\/wp-content\/uploads\/2023\/01\/erkek-deri-kemer-01.jpg","type":"image\/jpeg"}],"twitter_card":"summary_large_image","schema":{"@context":"https:\/\/schema.org","@graph":[{"@type":"WebPage","@id":"https:\/\/kemerist.com\/en\/product\/kmr-m-20-01-erkek-kemer\/","url":"https:\/\/kemerist.com\/en\/product\/kmr-m-20-01-erkek-kemer\/","name":"KMR-M-20-01 Erkek Kemer - Kemerist","isPartOf":{"@id":"https:\/\/kemerist.com\/en\/#website"},"primaryImageOfPage":{"@id":"https:\/\/kemerist.com\/en\/product\/kmr-m-20-01-erkek-kemer\/#primaryimage"},"image":{"@id":"https:\/\/kemerist.com\/en\/product\/kmr-m-20-01-erkek-kemer\/#primaryimage"},"thumbnailUrl":"https:\/\/kemerist.com\/wp-content\/uploads\/2023\/01\/erkek-deri-kemer-01.jpg","datePublished":"2023-01-23T10:38:27+00:00","dateModified":"2023-02-24T19:26:55+00:00","description":"Y\u00fcksek kaliteli suni deriden yap\u0131lm\u0131\u015f, 3,5 cm geni\u015fli\u011finde ve d\u00f6nen nikel saten tokal\u0131 klasik \u00e7ift tarafl\u0131 kemer. Siyah ve kahverengi olarak \u00fcretilen kemerin rengi, eni, boyu ve tokas\u0131 iste\u011fe g\u00f6re \u00f6zelle\u015ftirilebilir.","breadcrumb":{"@id":"https:\/\/kemerist.com\/en\/product\/kmr-m-20-01-erkek-kemer\/#breadcrumb"},"inLanguage":"en-US","potentialAction":[{"@type":"ReadAction","target":["https:\/\/kemerist.com\/en\/product\/kmr-m-20-01-erkek-kemer\/"]}]},{"@type":"ImageObject","inLanguage":"en-US","@id":"https:\/\/kemerist.com\/en\/product\/kmr-m-20-01-erkek-kemer\/#primaryimage","url":"https:\/\/kemerist.com\/wp-content\/uploads\/2023\/01\/erkek-deri-kemer-01.jpg","contentUrl":"https:\/\/kemerist.com\/wp-content\/uploads\/2023\/01\/erkek-deri-kemer-01.jpg","width":1024,"height":1024,"caption":"erkek-deri-kemer-01"},{"@type":"BreadcrumbList","@id":"https:\/\/kemerist.com\/en\/product\/kmr-m-20-01-erkek-kemer\/#breadcrumb","itemListElement":[{"@type":"ListItem","position":1,"name":"Anasayfa","item":"https:\/\/kemerist.com\/"},{"@type":"ListItem","position":2,"name":"Shop","item":"https:\/\/kemerist.com\/shop\/"},{"@type":"ListItem","position":3,"name":"KMR-M-20-01 Erkek Kemer"}]},{"@type":"WebSite","@id":"https:\/\/kemerist.com\/en\/#website","url":"https:\/\/kemerist.com\/en\/","name":"Kemerist","description":"Kemerist","publisher":{"@id":"https:\/\/kemerist.com\/en\/#organization"},"potentialAction":[{"@type":"SearchAction","target":{"@type":"EntryPoint","urlTemplate":"https:\/\/kemerist.com\/en\/?s={search_term_string}"},"query-input":{"@type":"PropertyValueSpecification","valueRequired":true,"valueName":"search_term_string"}}],"inLanguage":"en-US"},{"@type":"Organization","@id":"https:\/\/kemerist.com\/en\/#organization","name":"Kemerist","alternateName":"Aycan Demir Deri \u00dcr\u00fcnleri","url":"https:\/\/kemerist.com\/en\/","logo":{"@type":"ImageObject","inLanguage":"en-US","@id":"https:\/\/kemerist.com\/en\/#\/schema\/logo\/image\/","url":"https:\/\/www.kemerist.com\/wp-content\/uploads\/2023\/01\/kemerist-logo.png","contentUrl":"https:\/\/www.kemerist.com\/wp-content\/uploads\/2023\/01\/kemerist-logo.png","width":1328,"height":236,"caption":"Kemerist"},"image":{"@id":"https:\/\/kemerist.com\/en\/#\/schema\/logo\/image\/"},"sameAs":["https:\/\/www.instagram.com\/kemeristofficial","https:\/\/www.youtube.com\/@kemerist4573","https:\/\/www.linkedin.com\/in\/aycan-demir-55a4ab56"]}]}},"jetpack_sharing_enabled":true,"_links":{"self":[{"href":"https:\/\/kemerist.com\/en\/wp-json\/wp\/v2\/product\/293","targetHints":{"allow":["GET"]}}],"collection":[{"href":"https:\/\/kemerist.com\/en\/wp-json\/wp\/v2\/product"}],"about":[{"href":"https:\/\/kemerist.com\/en\/wp-json\/wp\/v2\/types\/product"}],"wp:featuredmedia":[{"embeddable":true,"href":"https:\/\/kemerist.com\/en\/wp-json\/wp\/v2\/media\/430"}],"wp:attachment":[{"href":"https:\/\/kemerist.com\/en\/wp-json\/wp\/v2\/media?parent=293"}],"wp:term":[{"taxonomy":"product_brand","embeddable":true,"href":"https:\/\/kemerist.com\/en\/wp-json\/wp\/v2\/product_brand?post=293"},{"taxonomy":"product_cat","embeddable":true,"href":"https:\/\/kemerist.com\/en\/wp-json\/wp\/v2\/product_cat?post=293"},{"taxonomy":"product_tag","embeddable":true,"href":"https:\/\/kemerist.com\/en\/wp-json\/wp\/v2\/product_tag?post=293"}],"curies":[{"name":"wp","href":"https:\/\/api.w.org\/{rel}","templated":true}]}}