{"id":412,"date":"2023-02-03T20:49:52","date_gmt":"2023-02-03T20:49:52","guid":{"rendered":"https:\/\/www.kemerist.com\/?post_type=product&#038;p=412"},"modified":"2023-02-24T20:11:50","modified_gmt":"2023-02-24T20:11:50","slug":"kmr-w-20-01-cuzdan","status":"publish","type":"product","link":"https:\/\/kemerist.com\/en\/product\/kmr-w-20-01-cuzdan\/","title":{"rendered":"Deri C\u00fczdan"},"content":{"rendered":"<p>Deri c\u00fczdanlar, g\u00fcnl\u00fck kullan\u0131m i\u00e7in kullan\u0131lan bir\u00e7ok farkl\u0131 c\u00fczdan t\u00fcr\u00fcnden biridir. Deri c\u00fczdanlar, genellikle dayan\u0131kl\u0131d\u0131r ve zamanla daha iyi hale gelirler, b\u00f6ylece kullan\u0131c\u0131lar\u0131na y\u0131llarca hizmet edebilirler.<\/p>\n<p>Deri c\u00fczdanlar\u0131n bir\u00e7ok farkl\u0131 stili ve tasar\u0131m\u0131 vard\u0131r, bu nedenle kullan\u0131c\u0131lar ihtiya\u00e7lar\u0131na ve zevklerine g\u00f6re bir\u00e7ok se\u00e7enek aras\u0131ndan se\u00e7im yapabilirler. Baz\u0131lar\u0131 minimalist bir tasar\u0131ma sahipken, di\u011ferleri daha b\u00fcy\u00fck boyutlarda ve birden \u00e7ok b\u00f6lmeden olu\u015fan daha i\u015flevsel bir yap\u0131ya sahiptir.<\/p>","protected":false},"excerpt":{"rendered":"<p>Deri c\u00fczdanlar, hem erkekler hem de kad\u0131nlar taraf\u0131ndan tercih edilen pop\u00fcler bir c\u00fczdan se\u00e7ene\u011fidir. Y\u00fcksek kaliteli malzemeler ve \u00f6zelle\u015ftirilebilir tasar\u0131mlar\u0131 sayesinde, bir\u00e7ok ki\u015fi i\u00e7in stil ve dayan\u0131kl\u0131l\u0131k a\u00e7\u0131s\u0131ndan en iyi se\u00e7eneklerden biridir.<\/p>","protected":false},"featured_media":452,"template":"","meta":[],"product_brand":[],"product_cat":[23],"product_tag":[33,31,34,32,35,36,27],"class_list":{"0":"post-412","1":"product","2":"type-product","3":"status-publish","4":"has-post-thumbnail","6":"product_cat-deri-aksesuar","7":"product_tag-aksesuar","8":"product_tag-cuzdan","9":"product_tag-deri-aksesuar","10":"product_tag-deri-cuzdan","11":"product_tag-erkek-cuzdan","12":"product_tag-erkek-deri-cuzdan","13":"product_tag-kemer","15":"first","16":"instock","17":"shipping-taxable","18":"product-type-simple"},"yoast_head":"<!-- This site is optimized with the Yoast SEO plugin v27.4 - https:\/\/yoast.com\/product\/yoast-seo-wordpress\/ -->\n<title>Deri C\u00fczdan - Kemerist<\/title>\n<meta name=\"description\" content=\"kemerist.com &#039;da her koleksiyona uyan deri c\u00fczdanlar ve deri aksesuarlar\u0131n \u00fcretimini yapmaktay\u0131z. Deri kemer ve aksesuar \u00e7e\u015fitlerimiz i\u00e7in sitemizi inceliyebilirsiniz.\" \/>\n<meta name=\"robots\" content=\"index, follow, max-snippet:-1, max-image-preview:large, max-video-preview:-1\" \/>\n<link rel=\"canonical\" href=\"https:\/\/kemerist.com\/en\/product\/kmr-w-20-01-cuzdan\/\" \/>\n<meta property=\"og:locale\" content=\"en_US\" \/>\n<meta property=\"og:type\" content=\"article\" \/>\n<meta property=\"og:title\" content=\"Deri C\u00fczdan - Kemerist\" \/>\n<meta property=\"og:description\" content=\"kemerist.com &#039;da her koleksiyona uyan deri c\u00fczdanlar ve deri aksesuarlar\u0131n \u00fcretimini yapmaktay\u0131z. Deri kemer ve aksesuar \u00e7e\u015fitlerimiz i\u00e7in sitemizi inceliyebilirsiniz.\" \/>\n<meta property=\"og:url\" content=\"https:\/\/kemerist.com\/en\/product\/kmr-w-20-01-cuzdan\/\" \/>\n<meta property=\"og:site_name\" content=\"Kemerist\" \/>\n<meta property=\"article:modified_time\" content=\"2023-02-24T20:11:50+00:00\" \/>\n<meta property=\"og:image\" content=\"https:\/\/kemerist.com\/wp-content\/uploads\/2023\/02\/deri-cuzdan.jpg\" \/>\n\t<meta property=\"og:image:width\" content=\"1000\" \/>\n\t<meta property=\"og:image:height\" content=\"667\" \/>\n\t<meta property=\"og:image:type\" content=\"image\/jpeg\" \/>\n<meta name=\"twitter:card\" content=\"summary_large_image\" \/>\n<meta name=\"twitter:label1\" content=\"Est. reading time\" \/>\n\t<meta name=\"twitter:data1\" content=\"1 minute\" \/>\n<!-- \/ Yoast SEO plugin. -->","yoast_head_json":{"title":"Deri C\u00fczdan - Kemerist","description":"kemerist.com 'da her koleksiyona uyan deri c\u00fczdanlar ve deri aksesuarlar\u0131n \u00fcretimini yapmaktay\u0131z. Deri kemer ve aksesuar \u00e7e\u015fitlerimiz i\u00e7in sitemizi inceliyebilirsiniz.","robots":{"index":"index","follow":"follow","max-snippet":"max-snippet:-1","max-image-preview":"max-image-preview:large","max-video-preview":"max-video-preview:-1"},"canonical":"https:\/\/kemerist.com\/en\/product\/kmr-w-20-01-cuzdan\/","og_locale":"en_US","og_type":"article","og_title":"Deri C\u00fczdan - Kemerist","og_description":"kemerist.com 'da her koleksiyona uyan deri c\u00fczdanlar ve deri aksesuarlar\u0131n \u00fcretimini yapmaktay\u0131z. Deri kemer ve aksesuar \u00e7e\u015fitlerimiz i\u00e7in sitemizi inceliyebilirsiniz.","og_url":"https:\/\/kemerist.com\/en\/product\/kmr-w-20-01-cuzdan\/","og_site_name":"Kemerist","article_modified_time":"2023-02-24T20:11:50+00:00","og_image":[{"width":1000,"height":667,"url":"https:\/\/kemerist.com\/wp-content\/uploads\/2023\/02\/deri-cuzdan.jpg","type":"image\/jpeg"}],"twitter_card":"summary_large_image","twitter_misc":{"Est. reading time":"1 minute"},"schema":{"@context":"https:\/\/schema.org","@graph":[{"@type":"WebPage","@id":"https:\/\/kemerist.com\/product\/kmr-w-20-01-cuzdan\/","url":"https:\/\/kemerist.com\/product\/kmr-w-20-01-cuzdan\/","name":"Deri C\u00fczdan - Kemerist","isPartOf":{"@id":"https:\/\/kemerist.com\/en\/#website"},"primaryImageOfPage":{"@id":"https:\/\/kemerist.com\/product\/kmr-w-20-01-cuzdan\/#primaryimage"},"image":{"@id":"https:\/\/kemerist.com\/product\/kmr-w-20-01-cuzdan\/#primaryimage"},"thumbnailUrl":"https:\/\/kemerist.com\/wp-content\/uploads\/2023\/02\/deri-cuzdan.jpg","datePublished":"2023-02-03T20:49:52+00:00","dateModified":"2023-02-24T20:11:50+00:00","description":"kemerist.com 'da her koleksiyona uyan deri c\u00fczdanlar ve deri aksesuarlar\u0131n \u00fcretimini yapmaktay\u0131z. Deri kemer ve aksesuar \u00e7e\u015fitlerimiz i\u00e7in sitemizi inceliyebilirsiniz.","breadcrumb":{"@id":"https:\/\/kemerist.com\/product\/kmr-w-20-01-cuzdan\/#breadcrumb"},"inLanguage":"en-US","potentialAction":[{"@type":"ReadAction","target":["https:\/\/kemerist.com\/product\/kmr-w-20-01-cuzdan\/"]}]},{"@type":"ImageObject","inLanguage":"en-US","@id":"https:\/\/kemerist.com\/product\/kmr-w-20-01-cuzdan\/#primaryimage","url":"https:\/\/kemerist.com\/wp-content\/uploads\/2023\/02\/deri-cuzdan.jpg","contentUrl":"https:\/\/kemerist.com\/wp-content\/uploads\/2023\/02\/deri-cuzdan.jpg","width":1000,"height":667,"caption":"deri cu\u0308zdan"},{"@type":"BreadcrumbList","@id":"https:\/\/kemerist.com\/product\/kmr-w-20-01-cuzdan\/#breadcrumb","itemListElement":[{"@type":"ListItem","position":1,"name":"Anasayfa","item":"https:\/\/kemerist.com\/"},{"@type":"ListItem","position":2,"name":"Shop","item":"https:\/\/kemerist.com\/shop\/"},{"@type":"ListItem","position":3,"name":"Deri C\u00fczdan"}]},{"@type":"WebSite","@id":"https:\/\/kemerist.com\/en\/#website","url":"https:\/\/kemerist.com\/en\/","name":"Kemerist","description":"Kemerist","publisher":{"@id":"https:\/\/kemerist.com\/en\/#organization"},"potentialAction":[{"@type":"SearchAction","target":{"@type":"EntryPoint","urlTemplate":"https:\/\/kemerist.com\/en\/?s={search_term_string}"},"query-input":{"@type":"PropertyValueSpecification","valueRequired":true,"valueName":"search_term_string"}}],"inLanguage":"en-US"},{"@type":"Organization","@id":"https:\/\/kemerist.com\/en\/#organization","name":"Kemerist","alternateName":"Aycan Demir Deri \u00dcr\u00fcnleri","url":"https:\/\/kemerist.com\/en\/","logo":{"@type":"ImageObject","inLanguage":"en-US","@id":"https:\/\/kemerist.com\/en\/#\/schema\/logo\/image\/","url":"https:\/\/www.kemerist.com\/wp-content\/uploads\/2023\/01\/kemerist-logo.png","contentUrl":"https:\/\/www.kemerist.com\/wp-content\/uploads\/2023\/01\/kemerist-logo.png","width":1328,"height":236,"caption":"Kemerist"},"image":{"@id":"https:\/\/kemerist.com\/en\/#\/schema\/logo\/image\/"},"sameAs":["https:\/\/www.instagram.com\/kemeristofficial","https:\/\/www.youtube.com\/@kemerist4573","https:\/\/www.linkedin.com\/in\/aycan-demir-55a4ab56"]}]}},"jetpack_sharing_enabled":true,"_links":{"self":[{"href":"https:\/\/kemerist.com\/en\/wp-json\/wp\/v2\/product\/412","targetHints":{"allow":["GET"]}}],"collection":[{"href":"https:\/\/kemerist.com\/en\/wp-json\/wp\/v2\/product"}],"about":[{"href":"https:\/\/kemerist.com\/en\/wp-json\/wp\/v2\/types\/product"}],"wp:featuredmedia":[{"embeddable":true,"href":"https:\/\/kemerist.com\/en\/wp-json\/wp\/v2\/media\/452"}],"wp:attachment":[{"href":"https:\/\/kemerist.com\/en\/wp-json\/wp\/v2\/media?parent=412"}],"wp:term":[{"taxonomy":"product_brand","embeddable":true,"href":"https:\/\/kemerist.com\/en\/wp-json\/wp\/v2\/product_brand?post=412"},{"taxonomy":"product_cat","embeddable":true,"href":"https:\/\/kemerist.com\/en\/wp-json\/wp\/v2\/product_cat?post=412"},{"taxonomy":"product_tag","embeddable":true,"href":"https:\/\/kemerist.com\/en\/wp-json\/wp\/v2\/product_tag?post=412"}],"curies":[{"name":"wp","href":"https:\/\/api.w.org\/{rel}","templated":true}]}}